{"id":156,"date":"2024-04-24T21:10:23","date_gmt":"2024-04-24T21:10:23","guid":{"rendered":"http:\/\/pyreneeseauxvives.fr\/?page_id=156"},"modified":"2026-03-04T10:41:11","modified_gmt":"2026-03-04T10:41:11","slug":"lelarrausaison","status":"publish","type":"page","link":"https:\/\/pyreneeseauxvives.fr\/?page_id=156","title":{"rendered":"Le Larrau-Saison"},"content":{"rendered":"\t\t<div data-elementor-type=\"wp-page\" data-elementor-id=\"156\" class=\"elementor elementor-156\">\n\t\t\t\t<div class=\"elementor-element elementor-element-421f0bb e-flex e-con-boxed e-con e-parent\" data-id=\"421f0bb\" data-element_type=\"container\" data-e-type=\"container\">\n\t\t\t\t\t<div class=\"e-con-inner\">\n\t\t<div class=\"elementor-element elementor-element-63518b5 e-con-full e-flex e-con e-child\" data-id=\"63518b5\" data-element_type=\"container\" data-e-type=\"container\">\n\t\t\t\t<div class=\"elementor-element elementor-element-f2a9100 elementor-widget elementor-widget-image\" data-id=\"f2a9100\" data-element_type=\"widget\" data-e-type=\"widget\" data-widget_type=\"image.default\">\n\t\t\t\t<div class=\"elementor-widget-container\">\n\t\t\t\t\t\t\t\t\t\t\t\t\t\t\t<img decoding=\"async\" src=\"https:\/\/pyreneeseauxvives.fr\/wp-content\/uploads\/elementor\/thumbs\/Larrau_equerre1-1-qna2vlnripndh976ru1me7vzieschj4fk1mo6uelqg.jpg\" title=\"Larrau_equerre(1)\" alt=\"Larrau_equerre(1)\" loading=\"lazy\" \/>\t\t\t\t\t\t\t\t\t\t\t\t\t\t\t<\/div>\n\t\t\t\t<\/div>\n\t\t\t\t<\/div>\n\t\t<div class=\"elementor-element elementor-element-7ac71e2 e-con-full e-flex e-con e-child\" data-id=\"7ac71e2\" data-element_type=\"container\" data-e-type=\"container\">\n\t\t<div class=\"elementor-element elementor-element-70d5f43 e-flex e-con-boxed e-con e-child\" data-id=\"70d5f43\" data-element_type=\"container\" data-e-type=\"container\">\n\t\t\t\t\t<div class=\"e-con-inner\">\n\t\t\t\t<div class=\"elementor-element elementor-element-98f80ba elementor-widget elementor-widget-heading\" data-id=\"98f80ba\" data-element_type=\"widget\" data-e-type=\"widget\" data-widget_type=\"heading.default\">\n\t\t\t\t<div class=\"elementor-widget-container\">\n\t\t\t\t\t<h2 class=\"elementor-heading-title elementor-size-default\">Le Larrau-Saison<\/h2>\t\t\t\t<\/div>\n\t\t\t\t<\/div>\n\t\t\t\t\t<\/div>\n\t\t\t\t<\/div>\n\t\t<div class=\"elementor-element elementor-element-0199810 e-flex e-con-boxed e-con e-child\" data-id=\"0199810\" data-element_type=\"container\" data-e-type=\"container\">\n\t\t\t\t\t<div class=\"e-con-inner\">\n\t\t\t\t<div class=\"elementor-element elementor-element-e85bf0e elementor-widget elementor-widget-text-editor\" data-id=\"e85bf0e\" data-element_type=\"widget\" data-e-type=\"widget\" data-widget_type=\"text-editor.default\">\n\t\t\t\t<div class=\"elementor-widget-container\">\n\t\t\t\t\t\t\t\t\t<div id=\"block_ID1686148335122\" data-real-width=\"46.166666666666664%\" data-width=\"47.5\"><div><div><div id=\"ID1686148382479\" data-type=\"text\"><div spellcheck=\"false\"><div id=\"block_ID1686158234604\" data-real-width=\"49%\" data-width=\"50\"><div><div><div id=\"ID1686158234604\" data-type=\"text\"><div spellcheck=\"false\"><p>Le Larrau est une rivi\u00e8re torrentielle sur l\u00e2cher d&rsquo;eau qui retrouve le gave de Saint-engr\u00e2ce pour former le Saison. c&rsquo;est\u00a0 au\u00a0 milieu des cailloux et de la nature que se trouve cette belle descente engag\u00e9e qui vous donnera des sensations fortes \u00e0 coup sur.<\/p><p style=\"text-align: left;\">Appropri\u00e9 pour un public sportif.<\/p><\/div><\/div><\/div><\/div><\/div><\/div><\/div><\/div><\/div><\/div>\t\t\t\t\t\t\t\t<\/div>\n\t\t\t\t<\/div>\n\t\t\t\t\t<\/div>\n\t\t\t\t<\/div>\n\t\t\t\t<\/div>\n\t\t\t\t\t<\/div>\n\t\t\t\t<\/div>\n\t\t<div class=\"elementor-element elementor-element-d0f208a e-flex e-con-boxed e-con e-parent\" data-id=\"d0f208a\" data-element_type=\"container\" data-e-type=\"container\">\n\t\t\t\t\t<div class=\"e-con-inner\">\n\t\t<div class=\"elementor-element elementor-element-88dd7c7 e-con-full e-flex e-con e-child\" data-id=\"88dd7c7\" data-element_type=\"container\" data-e-type=\"container\">\n\t\t\t\t<div class=\"elementor-element elementor-element-9686b73 elementor-view-default elementor-widget elementor-widget-icon\" data-id=\"9686b73\" data-element_type=\"widget\" data-e-type=\"widget\" data-widget_type=\"icon.default\">\n\t\t\t\t<div class=\"elementor-widget-container\">\n\t\t\t\t\t\t\t<div class=\"elementor-icon-wrapper\">\n\t\t\t<a class=\"elementor-icon\" href=\"https:\/\/pyreneeseauxvives.fr\/?page_id=148\">\n\t\t\t<svg aria-hidden=\"true\" class=\"e-font-icon-svg e-fas-angle-left\" viewBox=\"0 0 256 512\" xmlns=\"http:\/\/www.w3.org\/2000\/svg\"><path d=\"M31.7 239l136-136c9.4-9.4 24.6-9.4 33.9 0l22.6 22.6c9.4 9.4 9.4 24.6 0 33.9L127.9 256l96.4 96.4c9.4 9.4 9.4 24.6 0 33.9L201.7 409c-9.4 9.4-24.6 9.4-33.9 0l-136-136c-9.5-9.4-9.5-24.6-.1-34z\"><\/path><\/svg>\t\t\t<\/a>\n\t\t<\/div>\n\t\t\t\t\t\t<\/div>\n\t\t\t\t<\/div>\n\t\t\t\t<\/div>\n\t\t<div class=\"elementor-element elementor-element-cba7edb e-con-full e-flex e-con e-child\" data-id=\"cba7edb\" data-element_type=\"container\" data-e-type=\"container\">\n\t\t\t\t<div class=\"elementor-element elementor-element-19e1b00 elementor-align-center elementor-widget elementor-widget-button\" data-id=\"19e1b00\" data-element_type=\"widget\" data-e-type=\"widget\" data-widget_type=\"button.default\">\n\t\t\t\t<div class=\"elementor-widget-container\">\n\t\t\t\t\t\t\t\t\t<div class=\"elementor-button-wrapper\">\n\t\t\t\t\t<a class=\"elementor-button elementor-button-link elementor-size-sm\" href=\"https:\/\/pyreneeseauxvives.fr\/?page_id=1099\">\n\t\t\t\t\t\t<span class=\"elementor-button-content-wrapper\">\n\t\t\t\t\t\t\t\t\t<span class=\"elementor-button-text\">Retour<\/span>\n\t\t\t\t\t<\/span>\n\t\t\t\t\t<\/a>\n\t\t\t\t<\/div>\n\t\t\t\t\t\t\t\t<\/div>\n\t\t\t\t<\/div>\n\t\t\t\t<\/div>\n\t\t<div class=\"elementor-element elementor-element-353bdc2 e-con-full e-flex e-con e-child\" data-id=\"353bdc2\" data-element_type=\"container\" data-e-type=\"container\">\n\t\t\t\t<div class=\"elementor-element elementor-element-7698513 elementor-view-default elementor-widget elementor-widget-icon\" data-id=\"7698513\" data-element_type=\"widget\" data-e-type=\"widget\" data-widget_type=\"icon.default\">\n\t\t\t\t<div class=\"elementor-widget-container\">\n\t\t\t\t\t\t\t<div class=\"elementor-icon-wrapper\">\n\t\t\t<a class=\"elementor-icon\" href=\"https:\/\/pyreneeseauxvives.fr\/?page_id=112\">\n\t\t\t<svg aria-hidden=\"true\" class=\"e-font-icon-svg e-fas-angle-left\" viewBox=\"0 0 256 512\" xmlns=\"http:\/\/www.w3.org\/2000\/svg\"><path d=\"M31.7 239l136-136c9.4-9.4 24.6-9.4 33.9 0l22.6 22.6c9.4 9.4 9.4 24.6 0 33.9L127.9 256l96.4 96.4c9.4 9.4 9.4 24.6 0 33.9L201.7 409c-9.4 9.4-24.6 9.4-33.9 0l-136-136c-9.5-9.4-9.5-24.6-.1-34z\"><\/path><\/svg>\t\t\t<\/a>\n\t\t<\/div>\n\t\t\t\t\t\t<\/div>\n\t\t\t\t<\/div>\n\t\t\t\t<\/div>\n\t\t\t\t\t<\/div>\n\t\t\t\t<\/div>\n\t\t\t\t<\/div>\n\t\t","protected":false},"excerpt":{"rendered":"<p>Le Larrau-Saison Le Larrau est une rivi\u00e8re torrentielle sur l\u00e2cher d&rsquo;eau qui retrouve le gave de Saint-engr\u00e2ce pour former le Saison. c&rsquo;est\u00a0 au\u00a0 milieu des cailloux et de la nature que se trouve cette belle descente engag\u00e9e qui vous donnera des sensations fortes \u00e0 coup sur. Appropri\u00e9 pour un public sportif. Retour<\/p>\n","protected":false},"author":1,"featured_media":0,"parent":0,"menu_order":0,"comment_status":"closed","ping_status":"closed","template":"","meta":{"ocean_post_layout":"","ocean_both_sidebars_style":"","ocean_both_sidebars_content_width":0,"ocean_both_sidebars_sidebars_width":0,"ocean_sidebar":"","ocean_second_sidebar":"","ocean_disable_margins":"enable","ocean_add_body_class":"","ocean_shortcode_before_top_bar":"","ocean_shortcode_after_top_bar":"","ocean_shortcode_before_header":"","ocean_shortcode_after_header":"","ocean_has_shortcode":"","ocean_shortcode_after_title":"","ocean_shortcode_before_footer_widgets":"","ocean_shortcode_after_footer_widgets":"","ocean_shortcode_before_footer_bottom":"","ocean_shortcode_after_footer_bottom":"","ocean_display_top_bar":"default","ocean_display_header":"default","ocean_header_style":"","ocean_center_header_left_menu":"","ocean_custom_header_template":"","ocean_custom_logo":0,"ocean_custom_retina_logo":0,"ocean_custom_logo_max_width":0,"ocean_custom_logo_tablet_max_width":0,"ocean_custom_logo_mobile_max_width":0,"ocean_custom_logo_max_height":0,"ocean_custom_logo_tablet_max_height":0,"ocean_custom_logo_mobile_max_height":0,"ocean_header_custom_menu":"","ocean_menu_typo_font_family":"","ocean_menu_typo_font_subset":"","ocean_menu_typo_font_size":0,"ocean_menu_typo_font_size_tablet":0,"ocean_menu_typo_font_size_mobile":0,"ocean_menu_typo_font_size_unit":"px","ocean_menu_typo_font_weight":"","ocean_menu_typo_font_weight_tablet":"","ocean_menu_typo_font_weight_mobile":"","ocean_menu_typo_transform":"","ocean_menu_typo_transform_tablet":"","ocean_menu_typo_transform_mobile":"","ocean_menu_typo_line_height":0,"ocean_menu_typo_line_height_tablet":0,"ocean_menu_typo_line_height_mobile":0,"ocean_menu_typo_line_height_unit":"","ocean_menu_typo_spacing":0,"ocean_menu_typo_spacing_tablet":0,"ocean_menu_typo_spacing_mobile":0,"ocean_menu_typo_spacing_unit":"","ocean_menu_link_color":"","ocean_menu_link_color_hover":"","ocean_menu_link_color_active":"","ocean_menu_link_background":"","ocean_menu_link_hover_background":"","ocean_menu_link_active_background":"","ocean_menu_social_links_bg":"","ocean_menu_social_hover_links_bg":"","ocean_menu_social_links_color":"","ocean_menu_social_hover_links_color":"","ocean_disable_title":"default","ocean_disable_heading":"default","ocean_post_title":"","ocean_post_subheading":"","ocean_post_title_style":"","ocean_post_title_background_color":"","ocean_post_title_background":0,"ocean_post_title_bg_image_position":"","ocean_post_title_bg_image_attachment":"","ocean_post_title_bg_image_repeat":"","ocean_post_title_bg_image_size":"","ocean_post_title_height":0,"ocean_post_title_bg_overlay":0.5,"ocean_post_title_bg_overlay_color":"","ocean_disable_breadcrumbs":"default","ocean_breadcrumbs_color":"","ocean_breadcrumbs_separator_color":"","ocean_breadcrumbs_links_color":"","ocean_breadcrumbs_links_hover_color":"","ocean_display_footer_widgets":"default","ocean_display_footer_bottom":"default","ocean_custom_footer_template":"","footnotes":""},"class_list":["post-156","page","type-page","status-publish","hentry","entry"],"yoast_head":"<!-- This site is optimized with the Yoast SEO plugin v27.1.1 - https:\/\/yoast.com\/product\/yoast-seo-wordpress\/ -->\n<title>Le Larrau-Saison - Pyr\u00e9n\u00e9es eaux vives<\/title>\n<meta name=\"robots\" content=\"index, follow, max-snippet:-1, max-image-preview:large, max-video-preview:-1\" \/>\n<link rel=\"canonical\" href=\"https:\/\/pyreneeseauxvives.fr\/?page_id=156\" \/>\n<meta property=\"og:locale\" content=\"fr_FR\" \/>\n<meta property=\"og:type\" content=\"article\" \/>\n<meta property=\"og:title\" content=\"Le Larrau-Saison - Pyr\u00e9n\u00e9es eaux vives\" \/>\n<meta property=\"og:description\" content=\"Le Larrau-Saison Le Larrau est une rivi\u00e8re torrentielle sur l\u00e2cher d&rsquo;eau qui retrouve le gave de Saint-engr\u00e2ce pour former le Saison. c&rsquo;est\u00a0 au\u00a0 milieu des cailloux et de la nature que se trouve cette belle descente engag\u00e9e qui vous donnera des sensations fortes \u00e0 coup sur. Appropri\u00e9 pour un public sportif. Retour\" \/>\n<meta property=\"og:url\" content=\"https:\/\/pyreneeseauxvives.fr\/?page_id=156\" \/>\n<meta property=\"og:site_name\" content=\"Pyr\u00e9n\u00e9es eaux vives\" \/>\n<meta property=\"article:publisher\" content=\"https:\/\/www.facebook.com\/profile.php?id=100092172850669\" \/>\n<meta property=\"article:modified_time\" content=\"2026-03-04T10:41:11+00:00\" \/>\n<meta property=\"og:image\" content=\"https:\/\/pyreneeseauxvives.fr\/wp-content\/uploads\/elementor\/thumbs\/Larrau_equerre1-1-qna2vlnripndh976ru1me7vzieschj4fk1mo6uelqg.jpg\" \/>\n<meta name=\"twitter:card\" content=\"summary_large_image\" \/>\n<meta name=\"twitter:label1\" content=\"Dur\u00e9e de lecture estim\u00e9e\" \/>\n\t<meta name=\"twitter:data1\" content=\"1 minute\" \/>\n<script type=\"application\/ld+json\" class=\"yoast-schema-graph\">{\"@context\":\"https:\/\/schema.org\",\"@graph\":[{\"@type\":\"WebPage\",\"@id\":\"https:\/\/pyreneeseauxvives.fr\/?page_id=156\",\"url\":\"https:\/\/pyreneeseauxvives.fr\/?page_id=156\",\"name\":\"Le Larrau-Saison - Pyr\u00e9n\u00e9es eaux vives\",\"isPartOf\":{\"@id\":\"https:\/\/pyreneeseauxvives.fr\/#website\"},\"primaryImageOfPage\":{\"@id\":\"https:\/\/pyreneeseauxvives.fr\/?page_id=156#primaryimage\"},\"image\":{\"@id\":\"https:\/\/pyreneeseauxvives.fr\/?page_id=156#primaryimage\"},\"thumbnailUrl\":\"https:\/\/pyreneeseauxvives.fr\/wp-content\/uploads\/elementor\/thumbs\/Larrau_equerre1-1-qna2vlnripndh976ru1me7vzieschj4fk1mo6uelqg.jpg\",\"datePublished\":\"2024-04-24T21:10:23+00:00\",\"dateModified\":\"2026-03-04T10:41:11+00:00\",\"breadcrumb\":{\"@id\":\"https:\/\/pyreneeseauxvives.fr\/?page_id=156#breadcrumb\"},\"inLanguage\":\"fr-FR\",\"potentialAction\":[{\"@type\":\"ReadAction\",\"target\":[\"https:\/\/pyreneeseauxvives.fr\/?page_id=156\"]}]},{\"@type\":\"ImageObject\",\"inLanguage\":\"fr-FR\",\"@id\":\"https:\/\/pyreneeseauxvives.fr\/?page_id=156#primaryimage\",\"url\":\"https:\/\/pyreneeseauxvives.fr\/wp-content\/uploads\/elementor\/thumbs\/Larrau_equerre1-1-qna2vlnripndh976ru1me7vzieschj4fk1mo6uelqg.jpg\",\"contentUrl\":\"https:\/\/pyreneeseauxvives.fr\/wp-content\/uploads\/elementor\/thumbs\/Larrau_equerre1-1-qna2vlnripndh976ru1me7vzieschj4fk1mo6uelqg.jpg\"},{\"@type\":\"BreadcrumbList\",\"@id\":\"https:\/\/pyreneeseauxvives.fr\/?page_id=156#breadcrumb\",\"itemListElement\":[{\"@type\":\"ListItem\",\"position\":1,\"name\":\"Accueil\",\"item\":\"https:\/\/pyreneeseauxvives.fr\/\"},{\"@type\":\"ListItem\",\"position\":2,\"name\":\"Le Larrau-Saison\"}]},{\"@type\":\"WebSite\",\"@id\":\"https:\/\/pyreneeseauxvives.fr\/#website\",\"url\":\"https:\/\/pyreneeseauxvives.fr\/\",\"name\":\"Pyr\u00e9n\u00e9es eaux vives\",\"description\":\"Adaptez nos activit\u00e9es a vos envies !\",\"publisher\":{\"@id\":\"https:\/\/pyreneeseauxvives.fr\/#organization\"},\"potentialAction\":[{\"@type\":\"SearchAction\",\"target\":{\"@type\":\"EntryPoint\",\"urlTemplate\":\"https:\/\/pyreneeseauxvives.fr\/?s={search_term_string}\"},\"query-input\":{\"@type\":\"PropertyValueSpecification\",\"valueRequired\":true,\"valueName\":\"search_term_string\"}}],\"inLanguage\":\"fr-FR\"},{\"@type\":\"Organization\",\"@id\":\"https:\/\/pyreneeseauxvives.fr\/#organization\",\"name\":\"Pyr\u00e9n\u00e9es eaux vives\",\"url\":\"https:\/\/pyreneeseauxvives.fr\/\",\"logo\":{\"@type\":\"ImageObject\",\"inLanguage\":\"fr-FR\",\"@id\":\"https:\/\/pyreneeseauxvives.fr\/#\/schema\/logo\/image\/\",\"url\":\"https:\/\/pyreneeseauxvives.fr\/wp-content\/uploads\/2026\/03\/cropped-image157-3-5-1-9-0-scaled-1.png\",\"contentUrl\":\"https:\/\/pyreneeseauxvives.fr\/wp-content\/uploads\/2026\/03\/cropped-image157-3-5-1-9-0-scaled-1.png\",\"width\":2432,\"height\":2538,\"caption\":\"Pyr\u00e9n\u00e9es eaux vives\"},\"image\":{\"@id\":\"https:\/\/pyreneeseauxvives.fr\/#\/schema\/logo\/image\/\"},\"sameAs\":[\"https:\/\/www.facebook.com\/profile.php?id=100092172850669\",\"https:\/\/www.instagram.com\/pyrenees_eaux_vives\/\"]}]}<\/script>\n<!-- \/ Yoast SEO plugin. -->","yoast_head_json":{"title":"Le Larrau-Saison - Pyr\u00e9n\u00e9es eaux vives","robots":{"index":"index","follow":"follow","max-snippet":"max-snippet:-1","max-image-preview":"max-image-preview:large","max-video-preview":"max-video-preview:-1"},"canonical":"https:\/\/pyreneeseauxvives.fr\/?page_id=156","og_locale":"fr_FR","og_type":"article","og_title":"Le Larrau-Saison - Pyr\u00e9n\u00e9es eaux vives","og_description":"Le Larrau-Saison Le Larrau est une rivi\u00e8re torrentielle sur l\u00e2cher d&rsquo;eau qui retrouve le gave de Saint-engr\u00e2ce pour former le Saison. c&rsquo;est\u00a0 au\u00a0 milieu des cailloux et de la nature que se trouve cette belle descente engag\u00e9e qui vous donnera des sensations fortes \u00e0 coup sur. Appropri\u00e9 pour un public sportif. Retour","og_url":"https:\/\/pyreneeseauxvives.fr\/?page_id=156","og_site_name":"Pyr\u00e9n\u00e9es eaux vives","article_publisher":"https:\/\/www.facebook.com\/profile.php?id=100092172850669","article_modified_time":"2026-03-04T10:41:11+00:00","og_image":[{"url":"https:\/\/pyreneeseauxvives.fr\/wp-content\/uploads\/elementor\/thumbs\/Larrau_equerre1-1-qna2vlnripndh976ru1me7vzieschj4fk1mo6uelqg.jpg","type":"","width":"","height":""}],"twitter_card":"summary_large_image","twitter_misc":{"Dur\u00e9e de lecture estim\u00e9e":"1 minute"},"schema":{"@context":"https:\/\/schema.org","@graph":[{"@type":"WebPage","@id":"https:\/\/pyreneeseauxvives.fr\/?page_id=156","url":"https:\/\/pyreneeseauxvives.fr\/?page_id=156","name":"Le Larrau-Saison - Pyr\u00e9n\u00e9es eaux vives","isPartOf":{"@id":"https:\/\/pyreneeseauxvives.fr\/#website"},"primaryImageOfPage":{"@id":"https:\/\/pyreneeseauxvives.fr\/?page_id=156#primaryimage"},"image":{"@id":"https:\/\/pyreneeseauxvives.fr\/?page_id=156#primaryimage"},"thumbnailUrl":"https:\/\/pyreneeseauxvives.fr\/wp-content\/uploads\/elementor\/thumbs\/Larrau_equerre1-1-qna2vlnripndh976ru1me7vzieschj4fk1mo6uelqg.jpg","datePublished":"2024-04-24T21:10:23+00:00","dateModified":"2026-03-04T10:41:11+00:00","breadcrumb":{"@id":"https:\/\/pyreneeseauxvives.fr\/?page_id=156#breadcrumb"},"inLanguage":"fr-FR","potentialAction":[{"@type":"ReadAction","target":["https:\/\/pyreneeseauxvives.fr\/?page_id=156"]}]},{"@type":"ImageObject","inLanguage":"fr-FR","@id":"https:\/\/pyreneeseauxvives.fr\/?page_id=156#primaryimage","url":"https:\/\/pyreneeseauxvives.fr\/wp-content\/uploads\/elementor\/thumbs\/Larrau_equerre1-1-qna2vlnripndh976ru1me7vzieschj4fk1mo6uelqg.jpg","contentUrl":"https:\/\/pyreneeseauxvives.fr\/wp-content\/uploads\/elementor\/thumbs\/Larrau_equerre1-1-qna2vlnripndh976ru1me7vzieschj4fk1mo6uelqg.jpg"},{"@type":"BreadcrumbList","@id":"https:\/\/pyreneeseauxvives.fr\/?page_id=156#breadcrumb","itemListElement":[{"@type":"ListItem","position":1,"name":"Accueil","item":"https:\/\/pyreneeseauxvives.fr\/"},{"@type":"ListItem","position":2,"name":"Le Larrau-Saison"}]},{"@type":"WebSite","@id":"https:\/\/pyreneeseauxvives.fr\/#website","url":"https:\/\/pyreneeseauxvives.fr\/","name":"Pyr\u00e9n\u00e9es eaux vives","description":"Adaptez nos activit\u00e9es a vos envies !","publisher":{"@id":"https:\/\/pyreneeseauxvives.fr\/#organization"},"potentialAction":[{"@type":"SearchAction","target":{"@type":"EntryPoint","urlTemplate":"https:\/\/pyreneeseauxvives.fr\/?s={search_term_string}"},"query-input":{"@type":"PropertyValueSpecification","valueRequired":true,"valueName":"search_term_string"}}],"inLanguage":"fr-FR"},{"@type":"Organization","@id":"https:\/\/pyreneeseauxvives.fr\/#organization","name":"Pyr\u00e9n\u00e9es eaux vives","url":"https:\/\/pyreneeseauxvives.fr\/","logo":{"@type":"ImageObject","inLanguage":"fr-FR","@id":"https:\/\/pyreneeseauxvives.fr\/#\/schema\/logo\/image\/","url":"https:\/\/pyreneeseauxvives.fr\/wp-content\/uploads\/2026\/03\/cropped-image157-3-5-1-9-0-scaled-1.png","contentUrl":"https:\/\/pyreneeseauxvives.fr\/wp-content\/uploads\/2026\/03\/cropped-image157-3-5-1-9-0-scaled-1.png","width":2432,"height":2538,"caption":"Pyr\u00e9n\u00e9es eaux vives"},"image":{"@id":"https:\/\/pyreneeseauxvives.fr\/#\/schema\/logo\/image\/"},"sameAs":["https:\/\/www.facebook.com\/profile.php?id=100092172850669","https:\/\/www.instagram.com\/pyrenees_eaux_vives\/"]}]}},"jetpack_sharing_enabled":true,"_links":{"self":[{"href":"https:\/\/pyreneeseauxvives.fr\/index.php?rest_route=\/wp\/v2\/pages\/156","targetHints":{"allow":["GET"]}}],"collection":[{"href":"https:\/\/pyreneeseauxvives.fr\/index.php?rest_route=\/wp\/v2\/pages"}],"about":[{"href":"https:\/\/pyreneeseauxvives.fr\/index.php?rest_route=\/wp\/v2\/types\/page"}],"author":[{"embeddable":true,"href":"https:\/\/pyreneeseauxvives.fr\/index.php?rest_route=\/wp\/v2\/users\/1"}],"replies":[{"embeddable":true,"href":"https:\/\/pyreneeseauxvives.fr\/index.php?rest_route=%2Fwp%2Fv2%2Fcomments&post=156"}],"version-history":[{"count":55,"href":"https:\/\/pyreneeseauxvives.fr\/index.php?rest_route=\/wp\/v2\/pages\/156\/revisions"}],"predecessor-version":[{"id":1588,"href":"https:\/\/pyreneeseauxvives.fr\/index.php?rest_route=\/wp\/v2\/pages\/156\/revisions\/1588"}],"wp:attachment":[{"href":"https:\/\/pyreneeseauxvives.fr\/index.php?rest_route=%2Fwp%2Fv2%2Fmedia&parent=156"}],"curies":[{"name":"wp","href":"https:\/\/api.w.org\/{rel}","templated":true}]}}