{"id":1482,"date":"2026-03-04T09:31:19","date_gmt":"2026-03-04T09:31:19","guid":{"rendered":"https:\/\/pyreneeseauxvives.fr\/?page_id=1482"},"modified":"2026-03-04T09:37:31","modified_gmt":"2026-03-04T09:37:31","slug":"tarifs-perfectionnement-fromations","status":"publish","type":"page","link":"https:\/\/pyreneeseauxvives.fr\/?page_id=1482","title":{"rendered":"Tarifs perfectionnement\/fromations"},"content":{"rendered":"\t\t<div data-elementor-type=\"wp-page\" data-elementor-id=\"1482\" class=\"elementor elementor-1482\">\n\t\t\t\t<div class=\"elementor-element elementor-element-8ac86c9 e-flex e-con-boxed e-con e-parent\" data-id=\"8ac86c9\" data-element_type=\"container\" data-e-type=\"container\">\n\t\t\t\t\t<div class=\"e-con-inner\">\n\t\t\t\t<div class=\"elementor-element elementor-element-5862af1 elementor-widget elementor-widget-heading\" data-id=\"5862af1\" data-element_type=\"widget\" data-e-type=\"widget\" data-widget_type=\"heading.default\">\n\t\t\t\t<div class=\"elementor-widget-container\">\n\t\t\t\t\t<h2 class=\"elementor-heading-title elementor-size-default\">Personnalisez votre formule sous devis<\/h2>\t\t\t\t<\/div>\n\t\t\t\t<\/div>\n\t\t\t\t<div class=\"elementor-element elementor-element-c523123 elementor-widget elementor-widget-text-editor\" data-id=\"c523123\" data-element_type=\"widget\" data-e-type=\"widget\" data-widget_type=\"text-editor.default\">\n\t\t\t\t<div class=\"elementor-widget-container\">\n\t\t\t\t\t\t\t\t\t<p>Tarifs par groupe<\/p>\t\t\t\t\t\t\t\t<\/div>\n\t\t\t\t<\/div>\n\t\t\t\t<div class=\"elementor-element elementor-element-9dcdae5 elementor-widget elementor-widget-text-editor\" data-id=\"9dcdae5\" data-element_type=\"widget\" data-e-type=\"widget\" data-widget_type=\"text-editor.default\">\n\t\t\t\t<div class=\"elementor-widget-container\">\n\t\t\t\t\t\t\t\t\t<p>Tout est adaptable : la dur\u00e9e, le niveau, le contenu ou toute autre demande sp\u00e9cifique. N&rsquo;h\u00e9sitez pas \u00e0 nous contacter pour construire la formule qui vous correspond.<\/p>\t\t\t\t\t\t\t\t<\/div>\n\t\t\t\t<\/div>\n\t\t\t\t<div class=\"elementor-element elementor-element-573492b elementor-align-center elementor-widget elementor-widget-button\" data-id=\"573492b\" data-element_type=\"widget\" data-e-type=\"widget\" data-widget_type=\"button.default\">\n\t\t\t\t<div class=\"elementor-widget-container\">\n\t\t\t\t\t\t\t\t\t<div class=\"elementor-button-wrapper\">\n\t\t\t\t\t<a class=\"elementor-button elementor-button-link elementor-size-sm\" href=\"https:\/\/pyreneeseauxvives.fr\/?page_id=1141\">\n\t\t\t\t\t\t<span class=\"elementor-button-content-wrapper\">\n\t\t\t\t\t\t\t\t\t<span class=\"elementor-button-text\">Demandez votre devis<\/span>\n\t\t\t\t\t<\/span>\n\t\t\t\t\t<\/a>\n\t\t\t\t<\/div>\n\t\t\t\t\t\t\t\t<\/div>\n\t\t\t\t<\/div>\n\t\t\t\t<div class=\"elementor-element elementor-element-25d2e33 elementor-widget-divider--view-line elementor-widget elementor-widget-divider\" data-id=\"25d2e33\" data-element_type=\"widget\" data-e-type=\"widget\" data-widget_type=\"divider.default\">\n\t\t\t\t<div class=\"elementor-widget-container\">\n\t\t\t\t\t\t\t<div class=\"elementor-divider\">\n\t\t\t<span class=\"elementor-divider-separator\">\n\t\t\t\t\t\t<\/span>\n\t\t<\/div>\n\t\t\t\t\t\t<\/div>\n\t\t\t\t<\/div>\n\t\t\t\t<div class=\"elementor-element elementor-element-e0d7554 elementor-widget elementor-widget-heading\" data-id=\"e0d7554\" data-element_type=\"widget\" data-e-type=\"widget\" data-widget_type=\"heading.default\">\n\t\t\t\t<div class=\"elementor-widget-container\">\n\t\t\t\t\t<h2 class=\"elementor-heading-title elementor-size-default\">Tarifs \u00e0 la journ\u00e9e<\/h2>\t\t\t\t<\/div>\n\t\t\t\t<\/div>\n\t\t\t\t<div class=\"elementor-element elementor-element-08ad74b elementor-widget elementor-widget-text-editor\" data-id=\"08ad74b\" data-element_type=\"widget\" data-e-type=\"widget\" data-widget_type=\"text-editor.default\">\n\t\t\t\t<div class=\"elementor-widget-container\">\n\t\t\t\t\t\t\t\t\t<table><tbody><tr><td>\u00a0<\/td><td>\u00a0<\/td><\/tr><tr><td><p><span class=\"e-n-accordion-item-title-header\">S\u00e9curit\u00e9 en eaux vives <\/span><\/p><\/td><td><p style=\"text-align: center;\">300\u20ac<\/p><\/td><\/tr><tr><td><p><span class=\"e-n-accordion-item-title-header\">Technique de base de kayak <\/span><\/p><\/td><td><p style=\"text-align: center;\">300\u20ac<\/p><\/td><\/tr><tr><td><p><span class=\"e-n-accordion-item-title-header\">Approfondissement technique de la navigation <\/span><\/p><\/td><td><p style=\"text-align: center;\">300\u20ac<\/p><\/td><\/tr><\/tbody><\/table><div id=\"simple-translate\" class=\"simple-translate-system-theme\"><div><div class=\"simple-translate-button isShow\" style=\"background-image: url('moz-extension:\/\/fa532d2b-b072-4e4f-9856-22ec2d461f83\/icons\/512.png'); height: 22px; width: 22px; top: 47px; left: 414px;\">\u00a0<\/div><div class=\"simple-translate-panel \" style=\"width: 300px; height: 200px; top: 0px; left: 0px; font-size: 13px;\"><div class=\"simple-translate-result-wrapper\" style=\"overflow: hidden;\"><div class=\"simple-translate-move\" draggable=\"true\">\u00a0<\/div><div class=\"simple-translate-result-contents\"><p class=\"simple-translate-result\" dir=\"auto\">\u00a0<\/p><p class=\"simple-translate-candidate\" dir=\"auto\">\u00a0<\/p><\/div><\/div><\/div><\/div><\/div>\t\t\t\t\t\t\t\t<\/div>\n\t\t\t\t<\/div>\n\t\t\t\t\t<\/div>\n\t\t\t\t<\/div>\n\t\t\t\t<\/div>\n\t\t","protected":false},"excerpt":{"rendered":"<p>Personnalisez votre formule sous devis Tarifs par groupe Tout est adaptable : la dur\u00e9e, le niveau, le contenu ou toute autre demande sp\u00e9cifique. N&rsquo;h\u00e9sitez pas \u00e0 nous contacter pour construire la formule qui vous correspond. Demandez votre devis Tarifs \u00e0 la journ\u00e9e \u00a0 \u00a0 S\u00e9curit\u00e9 en eaux vives 300\u20ac Technique de base de kayak 300\u20ac [&hellip;]<\/p>\n","protected":false},"author":1,"featured_media":0,"parent":0,"menu_order":0,"comment_status":"closed","ping_status":"closed","template":"","meta":{"ocean_post_layout":"","ocean_both_sidebars_style":"","ocean_both_sidebars_content_width":0,"ocean_both_sidebars_sidebars_width":0,"ocean_sidebar":"","ocean_second_sidebar":"","ocean_disable_margins":"enable","ocean_add_body_class":"","ocean_shortcode_before_top_bar":"","ocean_shortcode_after_top_bar":"","ocean_shortcode_before_header":"","ocean_shortcode_after_header":"","ocean_has_shortcode":"","ocean_shortcode_after_title":"","ocean_shortcode_before_footer_widgets":"","ocean_shortcode_after_footer_widgets":"","ocean_shortcode_before_footer_bottom":"","ocean_shortcode_after_footer_bottom":"","ocean_display_top_bar":"default","ocean_display_header":"default","ocean_header_style":"","ocean_center_header_left_menu":"","ocean_custom_header_template":"","ocean_custom_logo":0,"ocean_custom_retina_logo":0,"ocean_custom_logo_max_width":0,"ocean_custom_logo_tablet_max_width":0,"ocean_custom_logo_mobile_max_width":0,"ocean_custom_logo_max_height":0,"ocean_custom_logo_tablet_max_height":0,"ocean_custom_logo_mobile_max_height":0,"ocean_header_custom_menu":"","ocean_menu_typo_font_family":"","ocean_menu_typo_font_subset":"","ocean_menu_typo_font_size":0,"ocean_menu_typo_font_size_tablet":0,"ocean_menu_typo_font_size_mobile":0,"ocean_menu_typo_font_size_unit":"px","ocean_menu_typo_font_weight":"","ocean_menu_typo_font_weight_tablet":"","ocean_menu_typo_font_weight_mobile":"","ocean_menu_typo_transform":"","ocean_menu_typo_transform_tablet":"","ocean_menu_typo_transform_mobile":"","ocean_menu_typo_line_height":0,"ocean_menu_typo_line_height_tablet":0,"ocean_menu_typo_line_height_mobile":0,"ocean_menu_typo_line_height_unit":"","ocean_menu_typo_spacing":0,"ocean_menu_typo_spacing_tablet":0,"ocean_menu_typo_spacing_mobile":0,"ocean_menu_typo_spacing_unit":"","ocean_menu_link_color":"","ocean_menu_link_color_hover":"","ocean_menu_link_color_active":"","ocean_menu_link_background":"","ocean_menu_link_hover_background":"","ocean_menu_link_active_background":"","ocean_menu_social_links_bg":"","ocean_menu_social_hover_links_bg":"","ocean_menu_social_links_color":"","ocean_menu_social_hover_links_color":"","ocean_disable_title":"default","ocean_disable_heading":"default","ocean_post_title":"","ocean_post_subheading":"","ocean_post_title_style":"","ocean_post_title_background_color":"","ocean_post_title_background":0,"ocean_post_title_bg_image_position":"","ocean_post_title_bg_image_attachment":"","ocean_post_title_bg_image_repeat":"","ocean_post_title_bg_image_size":"","ocean_post_title_height":0,"ocean_post_title_bg_overlay":0.5,"ocean_post_title_bg_overlay_color":"","ocean_disable_breadcrumbs":"default","ocean_breadcrumbs_color":"","ocean_breadcrumbs_separator_color":"","ocean_breadcrumbs_links_color":"","ocean_breadcrumbs_links_hover_color":"","ocean_display_footer_widgets":"default","ocean_display_footer_bottom":"default","ocean_custom_footer_template":"","footnotes":""},"class_list":["post-1482","page","type-page","status-publish","hentry","entry"],"yoast_head":"<!-- This site is optimized with the Yoast SEO plugin v27.1.1 - https:\/\/yoast.com\/product\/yoast-seo-wordpress\/ -->\n<title>Tarifs perfectionnement\/fromations - Pyr\u00e9n\u00e9es eaux vives<\/title>\n<meta name=\"robots\" content=\"index, follow, max-snippet:-1, max-image-preview:large, max-video-preview:-1\" \/>\n<link rel=\"canonical\" href=\"https:\/\/pyreneeseauxvives.fr\/?page_id=1482\" \/>\n<meta property=\"og:locale\" content=\"fr_FR\" \/>\n<meta property=\"og:type\" content=\"article\" \/>\n<meta property=\"og:title\" content=\"Tarifs perfectionnement\/fromations - Pyr\u00e9n\u00e9es eaux vives\" \/>\n<meta property=\"og:description\" content=\"Personnalisez votre formule sous devis Tarifs par groupe Tout est adaptable : la dur\u00e9e, le niveau, le contenu ou toute autre demande sp\u00e9cifique. N&rsquo;h\u00e9sitez pas \u00e0 nous contacter pour construire la formule qui vous correspond. Demandez votre devis Tarifs \u00e0 la journ\u00e9e \u00a0 \u00a0 S\u00e9curit\u00e9 en eaux vives 300\u20ac Technique de base de kayak 300\u20ac [&hellip;]\" \/>\n<meta property=\"og:url\" content=\"https:\/\/pyreneeseauxvives.fr\/?page_id=1482\" \/>\n<meta property=\"og:site_name\" content=\"Pyr\u00e9n\u00e9es eaux vives\" \/>\n<meta property=\"article:publisher\" content=\"https:\/\/www.facebook.com\/profile.php?id=100092172850669\" \/>\n<meta property=\"article:modified_time\" content=\"2026-03-04T09:37:31+00:00\" \/>\n<meta name=\"twitter:card\" content=\"summary_large_image\" \/>\n<meta name=\"twitter:label1\" content=\"Dur\u00e9e de lecture estim\u00e9e\" \/>\n\t<meta name=\"twitter:data1\" content=\"1 minute\" \/>\n<script type=\"application\/ld+json\" class=\"yoast-schema-graph\">{\"@context\":\"https:\/\/schema.org\",\"@graph\":[{\"@type\":\"WebPage\",\"@id\":\"https:\/\/pyreneeseauxvives.fr\/?page_id=1482\",\"url\":\"https:\/\/pyreneeseauxvives.fr\/?page_id=1482\",\"name\":\"Tarifs perfectionnement\/fromations - Pyr\u00e9n\u00e9es eaux vives\",\"isPartOf\":{\"@id\":\"https:\/\/pyreneeseauxvives.fr\/#website\"},\"datePublished\":\"2026-03-04T09:31:19+00:00\",\"dateModified\":\"2026-03-04T09:37:31+00:00\",\"breadcrumb\":{\"@id\":\"https:\/\/pyreneeseauxvives.fr\/?page_id=1482#breadcrumb\"},\"inLanguage\":\"fr-FR\",\"potentialAction\":[{\"@type\":\"ReadAction\",\"target\":[\"https:\/\/pyreneeseauxvives.fr\/?page_id=1482\"]}]},{\"@type\":\"BreadcrumbList\",\"@id\":\"https:\/\/pyreneeseauxvives.fr\/?page_id=1482#breadcrumb\",\"itemListElement\":[{\"@type\":\"ListItem\",\"position\":1,\"name\":\"Accueil\",\"item\":\"https:\/\/pyreneeseauxvives.fr\/\"},{\"@type\":\"ListItem\",\"position\":2,\"name\":\"Tarifs perfectionnement\/fromations\"}]},{\"@type\":\"WebSite\",\"@id\":\"https:\/\/pyreneeseauxvives.fr\/#website\",\"url\":\"https:\/\/pyreneeseauxvives.fr\/\",\"name\":\"Pyr\u00e9n\u00e9es eaux vives\",\"description\":\"Adaptez nos activit\u00e9es a vos envies !\",\"publisher\":{\"@id\":\"https:\/\/pyreneeseauxvives.fr\/#organization\"},\"potentialAction\":[{\"@type\":\"SearchAction\",\"target\":{\"@type\":\"EntryPoint\",\"urlTemplate\":\"https:\/\/pyreneeseauxvives.fr\/?s={search_term_string}\"},\"query-input\":{\"@type\":\"PropertyValueSpecification\",\"valueRequired\":true,\"valueName\":\"search_term_string\"}}],\"inLanguage\":\"fr-FR\"},{\"@type\":\"Organization\",\"@id\":\"https:\/\/pyreneeseauxvives.fr\/#organization\",\"name\":\"Pyr\u00e9n\u00e9es eaux vives\",\"url\":\"https:\/\/pyreneeseauxvives.fr\/\",\"logo\":{\"@type\":\"ImageObject\",\"inLanguage\":\"fr-FR\",\"@id\":\"https:\/\/pyreneeseauxvives.fr\/#\/schema\/logo\/image\/\",\"url\":\"https:\/\/pyreneeseauxvives.fr\/wp-content\/uploads\/2026\/03\/cropped-image157-3-5-1-9-0-scaled-1.png\",\"contentUrl\":\"https:\/\/pyreneeseauxvives.fr\/wp-content\/uploads\/2026\/03\/cropped-image157-3-5-1-9-0-scaled-1.png\",\"width\":2432,\"height\":2538,\"caption\":\"Pyr\u00e9n\u00e9es eaux vives\"},\"image\":{\"@id\":\"https:\/\/pyreneeseauxvives.fr\/#\/schema\/logo\/image\/\"},\"sameAs\":[\"https:\/\/www.facebook.com\/profile.php?id=100092172850669\",\"https:\/\/www.instagram.com\/pyrenees_eaux_vives\/\"]}]}<\/script>\n<!-- \/ Yoast SEO plugin. -->","yoast_head_json":{"title":"Tarifs perfectionnement\/fromations - Pyr\u00e9n\u00e9es eaux vives","robots":{"index":"index","follow":"follow","max-snippet":"max-snippet:-1","max-image-preview":"max-image-preview:large","max-video-preview":"max-video-preview:-1"},"canonical":"https:\/\/pyreneeseauxvives.fr\/?page_id=1482","og_locale":"fr_FR","og_type":"article","og_title":"Tarifs perfectionnement\/fromations - Pyr\u00e9n\u00e9es eaux vives","og_description":"Personnalisez votre formule sous devis Tarifs par groupe Tout est adaptable : la dur\u00e9e, le niveau, le contenu ou toute autre demande sp\u00e9cifique. N&rsquo;h\u00e9sitez pas \u00e0 nous contacter pour construire la formule qui vous correspond. Demandez votre devis Tarifs \u00e0 la journ\u00e9e \u00a0 \u00a0 S\u00e9curit\u00e9 en eaux vives 300\u20ac Technique de base de kayak 300\u20ac [&hellip;]","og_url":"https:\/\/pyreneeseauxvives.fr\/?page_id=1482","og_site_name":"Pyr\u00e9n\u00e9es eaux vives","article_publisher":"https:\/\/www.facebook.com\/profile.php?id=100092172850669","article_modified_time":"2026-03-04T09:37:31+00:00","twitter_card":"summary_large_image","twitter_misc":{"Dur\u00e9e de lecture estim\u00e9e":"1 minute"},"schema":{"@context":"https:\/\/schema.org","@graph":[{"@type":"WebPage","@id":"https:\/\/pyreneeseauxvives.fr\/?page_id=1482","url":"https:\/\/pyreneeseauxvives.fr\/?page_id=1482","name":"Tarifs perfectionnement\/fromations - Pyr\u00e9n\u00e9es eaux vives","isPartOf":{"@id":"https:\/\/pyreneeseauxvives.fr\/#website"},"datePublished":"2026-03-04T09:31:19+00:00","dateModified":"2026-03-04T09:37:31+00:00","breadcrumb":{"@id":"https:\/\/pyreneeseauxvives.fr\/?page_id=1482#breadcrumb"},"inLanguage":"fr-FR","potentialAction":[{"@type":"ReadAction","target":["https:\/\/pyreneeseauxvives.fr\/?page_id=1482"]}]},{"@type":"BreadcrumbList","@id":"https:\/\/pyreneeseauxvives.fr\/?page_id=1482#breadcrumb","itemListElement":[{"@type":"ListItem","position":1,"name":"Accueil","item":"https:\/\/pyreneeseauxvives.fr\/"},{"@type":"ListItem","position":2,"name":"Tarifs perfectionnement\/fromations"}]},{"@type":"WebSite","@id":"https:\/\/pyreneeseauxvives.fr\/#website","url":"https:\/\/pyreneeseauxvives.fr\/","name":"Pyr\u00e9n\u00e9es eaux vives","description":"Adaptez nos activit\u00e9es a vos envies !","publisher":{"@id":"https:\/\/pyreneeseauxvives.fr\/#organization"},"potentialAction":[{"@type":"SearchAction","target":{"@type":"EntryPoint","urlTemplate":"https:\/\/pyreneeseauxvives.fr\/?s={search_term_string}"},"query-input":{"@type":"PropertyValueSpecification","valueRequired":true,"valueName":"search_term_string"}}],"inLanguage":"fr-FR"},{"@type":"Organization","@id":"https:\/\/pyreneeseauxvives.fr\/#organization","name":"Pyr\u00e9n\u00e9es eaux vives","url":"https:\/\/pyreneeseauxvives.fr\/","logo":{"@type":"ImageObject","inLanguage":"fr-FR","@id":"https:\/\/pyreneeseauxvives.fr\/#\/schema\/logo\/image\/","url":"https:\/\/pyreneeseauxvives.fr\/wp-content\/uploads\/2026\/03\/cropped-image157-3-5-1-9-0-scaled-1.png","contentUrl":"https:\/\/pyreneeseauxvives.fr\/wp-content\/uploads\/2026\/03\/cropped-image157-3-5-1-9-0-scaled-1.png","width":2432,"height":2538,"caption":"Pyr\u00e9n\u00e9es eaux vives"},"image":{"@id":"https:\/\/pyreneeseauxvives.fr\/#\/schema\/logo\/image\/"},"sameAs":["https:\/\/www.facebook.com\/profile.php?id=100092172850669","https:\/\/www.instagram.com\/pyrenees_eaux_vives\/"]}]}},"jetpack_sharing_enabled":true,"_links":{"self":[{"href":"https:\/\/pyreneeseauxvives.fr\/index.php?rest_route=\/wp\/v2\/pages\/1482","targetHints":{"allow":["GET"]}}],"collection":[{"href":"https:\/\/pyreneeseauxvives.fr\/index.php?rest_route=\/wp\/v2\/pages"}],"about":[{"href":"https:\/\/pyreneeseauxvives.fr\/index.php?rest_route=\/wp\/v2\/types\/page"}],"author":[{"embeddable":true,"href":"https:\/\/pyreneeseauxvives.fr\/index.php?rest_route=\/wp\/v2\/users\/1"}],"replies":[{"embeddable":true,"href":"https:\/\/pyreneeseauxvives.fr\/index.php?rest_route=%2Fwp%2Fv2%2Fcomments&post=1482"}],"version-history":[{"count":10,"href":"https:\/\/pyreneeseauxvives.fr\/index.php?rest_route=\/wp\/v2\/pages\/1482\/revisions"}],"predecessor-version":[{"id":1500,"href":"https:\/\/pyreneeseauxvives.fr\/index.php?rest_route=\/wp\/v2\/pages\/1482\/revisions\/1500"}],"wp:attachment":[{"href":"https:\/\/pyreneeseauxvives.fr\/index.php?rest_route=%2Fwp%2Fv2%2Fmedia&parent=1482"}],"curies":[{"name":"wp","href":"https:\/\/api.w.org\/{rel}","templated":true}]}}