{"id":148,"date":"2024-04-24T21:08:06","date_gmt":"2024-04-24T21:08:06","guid":{"rendered":"http:\/\/pyreneeseauxvives.fr\/?page_id=148"},"modified":"2026-03-04T10:41:56","modified_gmt":"2026-03-04T10:41:56","slug":"lanive","status":"publish","type":"page","link":"https:\/\/pyreneeseauxvives.fr\/?page_id=148","title":{"rendered":"La Nive"},"content":{"rendered":"\t\t<div data-elementor-type=\"wp-page\" data-elementor-id=\"148\" class=\"elementor elementor-148\">\n\t\t\t\t<div class=\"elementor-element elementor-element-41ded61 e-flex e-con-boxed e-con e-parent\" data-id=\"41ded61\" data-element_type=\"container\" data-e-type=\"container\">\n\t\t\t\t\t<div class=\"e-con-inner\">\n\t\t<div class=\"elementor-element elementor-element-c2df836 e-con-full e-flex e-con e-child\" data-id=\"c2df836\" data-element_type=\"container\" data-e-type=\"container\">\n\t\t\t\t<div class=\"elementor-element elementor-element-1ad8b06 elementor-widget elementor-widget-image\" data-id=\"1ad8b06\" data-element_type=\"widget\" data-e-type=\"widget\" data-widget_type=\"image.default\">\n\t\t\t\t<div class=\"elementor-widget-container\">\n\t\t\t\t\t\t\t\t\t\t\t\t\t\t\t<img decoding=\"async\" src=\"https:\/\/pyreneeseauxvives.fr\/wp-content\/uploads\/elementor\/thumbs\/20240317_132337-1-scaled-qna2r31oodgropre5dr5wux8qr1uhw6v9oro5z3pmw.jpg\" title=\"20240317_132337\" alt=\"20240317_132337\" loading=\"lazy\" \/>\t\t\t\t\t\t\t\t\t\t\t\t\t\t\t<\/div>\n\t\t\t\t<\/div>\n\t\t\t\t<\/div>\n\t\t<div class=\"elementor-element elementor-element-edbaf96 e-con-full e-flex e-con e-child\" data-id=\"edbaf96\" data-element_type=\"container\" data-e-type=\"container\">\n\t\t<div class=\"elementor-element elementor-element-d9215f1 e-flex e-con-boxed e-con e-child\" data-id=\"d9215f1\" data-element_type=\"container\" data-e-type=\"container\">\n\t\t\t\t\t<div class=\"e-con-inner\">\n\t\t\t\t<div class=\"elementor-element elementor-element-b7f8a9c elementor-widget elementor-widget-heading\" data-id=\"b7f8a9c\" data-element_type=\"widget\" data-e-type=\"widget\" data-widget_type=\"heading.default\">\n\t\t\t\t<div class=\"elementor-widget-container\">\n\t\t\t\t\t<h2 class=\"elementor-heading-title elementor-size-default\">La Nive<\/h2>\t\t\t\t<\/div>\n\t\t\t\t<\/div>\n\t\t\t\t\t<\/div>\n\t\t\t\t<\/div>\n\t\t<div class=\"elementor-element elementor-element-b782f2e e-flex e-con-boxed e-con e-child\" data-id=\"b782f2e\" data-element_type=\"container\" data-e-type=\"container\">\n\t\t\t\t\t<div class=\"e-con-inner\">\n\t\t\t\t<div class=\"elementor-element elementor-element-96d8c66 elementor-widget elementor-widget-text-editor\" data-id=\"96d8c66\" data-element_type=\"widget\" data-e-type=\"widget\" data-widget_type=\"text-editor.default\">\n\t\t\t\t<div class=\"elementor-widget-container\">\n\t\t\t\t\t\t\t\t\t<div id=\"block_ID1686148335122\" data-real-width=\"46.166666666666664%\" data-width=\"47.5\"><div><div><div id=\"ID1686148382479\" data-type=\"text\"><div spellcheck=\"false\"><p>Aussi appel\u00e9e Errobi, c&rsquo;est la rivi\u00e8re du royaume de Navarre.<\/p><p>Plut\u00f4t courte mais tr\u00e8s ludique, entre sauts de rocher et nage en eaux vives, elle nous fournit les outils pour passer un bon moment.<\/p><p>Elle permet aussi de d\u00e9couvrir une faune et une flore tr\u00e8s diversifi\u00e9e et atypique que l&rsquo;on ne trouve que dans le Pays basques.<\/p><\/div><\/div><\/div><\/div><\/div>\t\t\t\t\t\t\t\t<\/div>\n\t\t\t\t<\/div>\n\t\t\t\t\t<\/div>\n\t\t\t\t<\/div>\n\t\t\t\t<\/div>\n\t\t\t\t\t<\/div>\n\t\t\t\t<\/div>\n\t\t<div class=\"elementor-element elementor-element-d33225c e-flex e-con-boxed e-con e-parent\" data-id=\"d33225c\" data-element_type=\"container\" data-e-type=\"container\">\n\t\t\t\t\t<div class=\"e-con-inner\">\n\t\t<div class=\"elementor-element elementor-element-ccaaae4 e-con-full e-flex e-con e-child\" data-id=\"ccaaae4\" data-element_type=\"container\" data-e-type=\"container\">\n\t\t\t\t<div class=\"elementor-element elementor-element-e14e53e elementor-view-default elementor-widget elementor-widget-icon\" data-id=\"e14e53e\" data-element_type=\"widget\" data-e-type=\"widget\" data-widget_type=\"icon.default\">\n\t\t\t\t<div class=\"elementor-widget-container\">\n\t\t\t\t\t\t\t<div class=\"elementor-icon-wrapper\">\n\t\t\t<a class=\"elementor-icon\" href=\"https:\/\/pyreneeseauxvives.fr\/?page_id=125\">\n\t\t\t<svg aria-hidden=\"true\" class=\"e-font-icon-svg e-fas-angle-left\" viewBox=\"0 0 256 512\" xmlns=\"http:\/\/www.w3.org\/2000\/svg\"><path d=\"M31.7 239l136-136c9.4-9.4 24.6-9.4 33.9 0l22.6 22.6c9.4 9.4 9.4 24.6 0 33.9L127.9 256l96.4 96.4c9.4 9.4 9.4 24.6 0 33.9L201.7 409c-9.4 9.4-24.6 9.4-33.9 0l-136-136c-9.5-9.4-9.5-24.6-.1-34z\"><\/path><\/svg>\t\t\t<\/a>\n\t\t<\/div>\n\t\t\t\t\t\t<\/div>\n\t\t\t\t<\/div>\n\t\t\t\t<\/div>\n\t\t<div class=\"elementor-element elementor-element-2e8f3a5 e-con-full e-flex e-con e-child\" data-id=\"2e8f3a5\" data-element_type=\"container\" data-e-type=\"container\">\n\t\t\t\t<div class=\"elementor-element elementor-element-3744901 elementor-align-center elementor-widget elementor-widget-button\" data-id=\"3744901\" data-element_type=\"widget\" data-e-type=\"widget\" data-widget_type=\"button.default\">\n\t\t\t\t<div class=\"elementor-widget-container\">\n\t\t\t\t\t\t\t\t\t<div class=\"elementor-button-wrapper\">\n\t\t\t\t\t<a class=\"elementor-button elementor-button-link elementor-size-sm\" href=\"https:\/\/pyreneeseauxvives.fr\/?page_id=1099\">\n\t\t\t\t\t\t<span class=\"elementor-button-content-wrapper\">\n\t\t\t\t\t\t\t\t\t<span class=\"elementor-button-text\">Retour<\/span>\n\t\t\t\t\t<\/span>\n\t\t\t\t\t<\/a>\n\t\t\t\t<\/div>\n\t\t\t\t\t\t\t\t<\/div>\n\t\t\t\t<\/div>\n\t\t\t\t<\/div>\n\t\t<div class=\"elementor-element elementor-element-573f108 e-con-full e-flex e-con e-child\" data-id=\"573f108\" data-element_type=\"container\" data-e-type=\"container\">\n\t\t\t\t<div class=\"elementor-element elementor-element-438859e elementor-view-default elementor-widget elementor-widget-icon\" data-id=\"438859e\" data-element_type=\"widget\" data-e-type=\"widget\" data-widget_type=\"icon.default\">\n\t\t\t\t<div class=\"elementor-widget-container\">\n\t\t\t\t\t\t\t<div class=\"elementor-icon-wrapper\">\n\t\t\t<a class=\"elementor-icon\" href=\"https:\/\/pyreneeseauxvives.fr\/?page_id=156\">\n\t\t\t<svg aria-hidden=\"true\" class=\"e-font-icon-svg e-fas-angle-left\" viewBox=\"0 0 256 512\" xmlns=\"http:\/\/www.w3.org\/2000\/svg\"><path d=\"M31.7 239l136-136c9.4-9.4 24.6-9.4 33.9 0l22.6 22.6c9.4 9.4 9.4 24.6 0 33.9L127.9 256l96.4 96.4c9.4 9.4 9.4 24.6 0 33.9L201.7 409c-9.4 9.4-24.6 9.4-33.9 0l-136-136c-9.5-9.4-9.5-24.6-.1-34z\"><\/path><\/svg>\t\t\t<\/a>\n\t\t<\/div>\n\t\t\t\t\t\t<\/div>\n\t\t\t\t<\/div>\n\t\t\t\t<\/div>\n\t\t\t\t\t<\/div>\n\t\t\t\t<\/div>\n\t\t\t\t<\/div>\n\t\t","protected":false},"excerpt":{"rendered":"<p>La Nive Aussi appel\u00e9e Errobi, c&rsquo;est la rivi\u00e8re du royaume de Navarre. Plut\u00f4t courte mais tr\u00e8s ludique, entre sauts de rocher et nage en eaux vives, elle nous fournit les outils pour passer un bon moment. Elle permet aussi de d\u00e9couvrir une faune et une flore tr\u00e8s diversifi\u00e9e et atypique que l&rsquo;on ne trouve que [&hellip;]<\/p>\n","protected":false},"author":1,"featured_media":0,"parent":0,"menu_order":0,"comment_status":"closed","ping_status":"closed","template":"","meta":{"ocean_post_layout":"","ocean_both_sidebars_style":"","ocean_both_sidebars_content_width":0,"ocean_both_sidebars_sidebars_width":0,"ocean_sidebar":"","ocean_second_sidebar":"","ocean_disable_margins":"enable","ocean_add_body_class":"","ocean_shortcode_before_top_bar":"","ocean_shortcode_after_top_bar":"","ocean_shortcode_before_header":"","ocean_shortcode_after_header":"","ocean_has_shortcode":"","ocean_shortcode_after_title":"","ocean_shortcode_before_footer_widgets":"","ocean_shortcode_after_footer_widgets":"","ocean_shortcode_before_footer_bottom":"","ocean_shortcode_after_footer_bottom":"","ocean_display_top_bar":"default","ocean_display_header":"default","ocean_header_style":"","ocean_center_header_left_menu":"","ocean_custom_header_template":"","ocean_custom_logo":0,"ocean_custom_retina_logo":0,"ocean_custom_logo_max_width":0,"ocean_custom_logo_tablet_max_width":0,"ocean_custom_logo_mobile_max_width":0,"ocean_custom_logo_max_height":0,"ocean_custom_logo_tablet_max_height":0,"ocean_custom_logo_mobile_max_height":0,"ocean_header_custom_menu":"","ocean_menu_typo_font_family":"","ocean_menu_typo_font_subset":"","ocean_menu_typo_font_size":0,"ocean_menu_typo_font_size_tablet":0,"ocean_menu_typo_font_size_mobile":0,"ocean_menu_typo_font_size_unit":"px","ocean_menu_typo_font_weight":"","ocean_menu_typo_font_weight_tablet":"","ocean_menu_typo_font_weight_mobile":"","ocean_menu_typo_transform":"","ocean_menu_typo_transform_tablet":"","ocean_menu_typo_transform_mobile":"","ocean_menu_typo_line_height":0,"ocean_menu_typo_line_height_tablet":0,"ocean_menu_typo_line_height_mobile":0,"ocean_menu_typo_line_height_unit":"","ocean_menu_typo_spacing":0,"ocean_menu_typo_spacing_tablet":0,"ocean_menu_typo_spacing_mobile":0,"ocean_menu_typo_spacing_unit":"","ocean_menu_link_color":"","ocean_menu_link_color_hover":"","ocean_menu_link_color_active":"","ocean_menu_link_background":"","ocean_menu_link_hover_background":"","ocean_menu_link_active_background":"","ocean_menu_social_links_bg":"","ocean_menu_social_hover_links_bg":"","ocean_menu_social_links_color":"","ocean_menu_social_hover_links_color":"","ocean_disable_title":"default","ocean_disable_heading":"default","ocean_post_title":"","ocean_post_subheading":"","ocean_post_title_style":"","ocean_post_title_background_color":"","ocean_post_title_background":0,"ocean_post_title_bg_image_position":"","ocean_post_title_bg_image_attachment":"","ocean_post_title_bg_image_repeat":"","ocean_post_title_bg_image_size":"","ocean_post_title_height":0,"ocean_post_title_bg_overlay":0.5,"ocean_post_title_bg_overlay_color":"","ocean_disable_breadcrumbs":"default","ocean_breadcrumbs_color":"","ocean_breadcrumbs_separator_color":"","ocean_breadcrumbs_links_color":"","ocean_breadcrumbs_links_hover_color":"","ocean_display_footer_widgets":"default","ocean_display_footer_bottom":"default","ocean_custom_footer_template":"","footnotes":""},"class_list":["post-148","page","type-page","status-publish","hentry","entry"],"yoast_head":"<!-- This site is optimized with the Yoast SEO plugin v27.1.1 - https:\/\/yoast.com\/product\/yoast-seo-wordpress\/ -->\n<title>La Nive - Pyr\u00e9n\u00e9es eaux vives<\/title>\n<meta name=\"robots\" content=\"index, follow, max-snippet:-1, max-image-preview:large, max-video-preview:-1\" \/>\n<link rel=\"canonical\" href=\"https:\/\/pyreneeseauxvives.fr\/?page_id=148\" \/>\n<meta property=\"og:locale\" content=\"fr_FR\" \/>\n<meta property=\"og:type\" content=\"article\" \/>\n<meta property=\"og:title\" content=\"La Nive - Pyr\u00e9n\u00e9es eaux vives\" \/>\n<meta property=\"og:description\" content=\"La Nive Aussi appel\u00e9e Errobi, c&rsquo;est la rivi\u00e8re du royaume de Navarre. Plut\u00f4t courte mais tr\u00e8s ludique, entre sauts de rocher et nage en eaux vives, elle nous fournit les outils pour passer un bon moment. Elle permet aussi de d\u00e9couvrir une faune et une flore tr\u00e8s diversifi\u00e9e et atypique que l&rsquo;on ne trouve que [&hellip;]\" \/>\n<meta property=\"og:url\" content=\"https:\/\/pyreneeseauxvives.fr\/?page_id=148\" \/>\n<meta property=\"og:site_name\" content=\"Pyr\u00e9n\u00e9es eaux vives\" \/>\n<meta property=\"article:publisher\" content=\"https:\/\/www.facebook.com\/profile.php?id=100092172850669\" \/>\n<meta property=\"article:modified_time\" content=\"2026-03-04T10:41:56+00:00\" \/>\n<meta property=\"og:image\" content=\"https:\/\/pyreneeseauxvives.fr\/wp-content\/uploads\/elementor\/thumbs\/20240317_132337-1-scaled-qna2r31oodgropre5dr5wux8qr1uhw6v9oro5z3pmw.jpg\" \/>\n<meta name=\"twitter:card\" content=\"summary_large_image\" \/>\n<meta name=\"twitter:label1\" content=\"Dur\u00e9e de lecture estim\u00e9e\" \/>\n\t<meta name=\"twitter:data1\" content=\"1 minute\" \/>\n<script type=\"application\/ld+json\" class=\"yoast-schema-graph\">{\"@context\":\"https:\/\/schema.org\",\"@graph\":[{\"@type\":\"WebPage\",\"@id\":\"https:\/\/pyreneeseauxvives.fr\/?page_id=148\",\"url\":\"https:\/\/pyreneeseauxvives.fr\/?page_id=148\",\"name\":\"La Nive - Pyr\u00e9n\u00e9es eaux vives\",\"isPartOf\":{\"@id\":\"https:\/\/pyreneeseauxvives.fr\/#website\"},\"primaryImageOfPage\":{\"@id\":\"https:\/\/pyreneeseauxvives.fr\/?page_id=148#primaryimage\"},\"image\":{\"@id\":\"https:\/\/pyreneeseauxvives.fr\/?page_id=148#primaryimage\"},\"thumbnailUrl\":\"https:\/\/pyreneeseauxvives.fr\/wp-content\/uploads\/elementor\/thumbs\/20240317_132337-1-scaled-qna2r31oodgropre5dr5wux8qr1uhw6v9oro5z3pmw.jpg\",\"datePublished\":\"2024-04-24T21:08:06+00:00\",\"dateModified\":\"2026-03-04T10:41:56+00:00\",\"breadcrumb\":{\"@id\":\"https:\/\/pyreneeseauxvives.fr\/?page_id=148#breadcrumb\"},\"inLanguage\":\"fr-FR\",\"potentialAction\":[{\"@type\":\"ReadAction\",\"target\":[\"https:\/\/pyreneeseauxvives.fr\/?page_id=148\"]}]},{\"@type\":\"ImageObject\",\"inLanguage\":\"fr-FR\",\"@id\":\"https:\/\/pyreneeseauxvives.fr\/?page_id=148#primaryimage\",\"url\":\"https:\/\/pyreneeseauxvives.fr\/wp-content\/uploads\/elementor\/thumbs\/20240317_132337-1-scaled-qna2r31oodgropre5dr5wux8qr1uhw6v9oro5z3pmw.jpg\",\"contentUrl\":\"https:\/\/pyreneeseauxvives.fr\/wp-content\/uploads\/elementor\/thumbs\/20240317_132337-1-scaled-qna2r31oodgropre5dr5wux8qr1uhw6v9oro5z3pmw.jpg\"},{\"@type\":\"BreadcrumbList\",\"@id\":\"https:\/\/pyreneeseauxvives.fr\/?page_id=148#breadcrumb\",\"itemListElement\":[{\"@type\":\"ListItem\",\"position\":1,\"name\":\"Accueil\",\"item\":\"https:\/\/pyreneeseauxvives.fr\/\"},{\"@type\":\"ListItem\",\"position\":2,\"name\":\"La Nive\"}]},{\"@type\":\"WebSite\",\"@id\":\"https:\/\/pyreneeseauxvives.fr\/#website\",\"url\":\"https:\/\/pyreneeseauxvives.fr\/\",\"name\":\"Pyr\u00e9n\u00e9es eaux vives\",\"description\":\"Adaptez nos activit\u00e9es a vos envies !\",\"publisher\":{\"@id\":\"https:\/\/pyreneeseauxvives.fr\/#organization\"},\"potentialAction\":[{\"@type\":\"SearchAction\",\"target\":{\"@type\":\"EntryPoint\",\"urlTemplate\":\"https:\/\/pyreneeseauxvives.fr\/?s={search_term_string}\"},\"query-input\":{\"@type\":\"PropertyValueSpecification\",\"valueRequired\":true,\"valueName\":\"search_term_string\"}}],\"inLanguage\":\"fr-FR\"},{\"@type\":\"Organization\",\"@id\":\"https:\/\/pyreneeseauxvives.fr\/#organization\",\"name\":\"Pyr\u00e9n\u00e9es eaux vives\",\"url\":\"https:\/\/pyreneeseauxvives.fr\/\",\"logo\":{\"@type\":\"ImageObject\",\"inLanguage\":\"fr-FR\",\"@id\":\"https:\/\/pyreneeseauxvives.fr\/#\/schema\/logo\/image\/\",\"url\":\"https:\/\/pyreneeseauxvives.fr\/wp-content\/uploads\/2026\/03\/cropped-image157-3-5-1-9-0-scaled-1.png\",\"contentUrl\":\"https:\/\/pyreneeseauxvives.fr\/wp-content\/uploads\/2026\/03\/cropped-image157-3-5-1-9-0-scaled-1.png\",\"width\":2432,\"height\":2538,\"caption\":\"Pyr\u00e9n\u00e9es eaux vives\"},\"image\":{\"@id\":\"https:\/\/pyreneeseauxvives.fr\/#\/schema\/logo\/image\/\"},\"sameAs\":[\"https:\/\/www.facebook.com\/profile.php?id=100092172850669\",\"https:\/\/www.instagram.com\/pyrenees_eaux_vives\/\"]}]}<\/script>\n<!-- \/ Yoast SEO plugin. -->","yoast_head_json":{"title":"La Nive - Pyr\u00e9n\u00e9es eaux vives","robots":{"index":"index","follow":"follow","max-snippet":"max-snippet:-1","max-image-preview":"max-image-preview:large","max-video-preview":"max-video-preview:-1"},"canonical":"https:\/\/pyreneeseauxvives.fr\/?page_id=148","og_locale":"fr_FR","og_type":"article","og_title":"La Nive - Pyr\u00e9n\u00e9es eaux vives","og_description":"La Nive Aussi appel\u00e9e Errobi, c&rsquo;est la rivi\u00e8re du royaume de Navarre. Plut\u00f4t courte mais tr\u00e8s ludique, entre sauts de rocher et nage en eaux vives, elle nous fournit les outils pour passer un bon moment. Elle permet aussi de d\u00e9couvrir une faune et une flore tr\u00e8s diversifi\u00e9e et atypique que l&rsquo;on ne trouve que [&hellip;]","og_url":"https:\/\/pyreneeseauxvives.fr\/?page_id=148","og_site_name":"Pyr\u00e9n\u00e9es eaux vives","article_publisher":"https:\/\/www.facebook.com\/profile.php?id=100092172850669","article_modified_time":"2026-03-04T10:41:56+00:00","og_image":[{"url":"https:\/\/pyreneeseauxvives.fr\/wp-content\/uploads\/elementor\/thumbs\/20240317_132337-1-scaled-qna2r31oodgropre5dr5wux8qr1uhw6v9oro5z3pmw.jpg","type":"","width":"","height":""}],"twitter_card":"summary_large_image","twitter_misc":{"Dur\u00e9e de lecture estim\u00e9e":"1 minute"},"schema":{"@context":"https:\/\/schema.org","@graph":[{"@type":"WebPage","@id":"https:\/\/pyreneeseauxvives.fr\/?page_id=148","url":"https:\/\/pyreneeseauxvives.fr\/?page_id=148","name":"La Nive - Pyr\u00e9n\u00e9es eaux vives","isPartOf":{"@id":"https:\/\/pyreneeseauxvives.fr\/#website"},"primaryImageOfPage":{"@id":"https:\/\/pyreneeseauxvives.fr\/?page_id=148#primaryimage"},"image":{"@id":"https:\/\/pyreneeseauxvives.fr\/?page_id=148#primaryimage"},"thumbnailUrl":"https:\/\/pyreneeseauxvives.fr\/wp-content\/uploads\/elementor\/thumbs\/20240317_132337-1-scaled-qna2r31oodgropre5dr5wux8qr1uhw6v9oro5z3pmw.jpg","datePublished":"2024-04-24T21:08:06+00:00","dateModified":"2026-03-04T10:41:56+00:00","breadcrumb":{"@id":"https:\/\/pyreneeseauxvives.fr\/?page_id=148#breadcrumb"},"inLanguage":"fr-FR","potentialAction":[{"@type":"ReadAction","target":["https:\/\/pyreneeseauxvives.fr\/?page_id=148"]}]},{"@type":"ImageObject","inLanguage":"fr-FR","@id":"https:\/\/pyreneeseauxvives.fr\/?page_id=148#primaryimage","url":"https:\/\/pyreneeseauxvives.fr\/wp-content\/uploads\/elementor\/thumbs\/20240317_132337-1-scaled-qna2r31oodgropre5dr5wux8qr1uhw6v9oro5z3pmw.jpg","contentUrl":"https:\/\/pyreneeseauxvives.fr\/wp-content\/uploads\/elementor\/thumbs\/20240317_132337-1-scaled-qna2r31oodgropre5dr5wux8qr1uhw6v9oro5z3pmw.jpg"},{"@type":"BreadcrumbList","@id":"https:\/\/pyreneeseauxvives.fr\/?page_id=148#breadcrumb","itemListElement":[{"@type":"ListItem","position":1,"name":"Accueil","item":"https:\/\/pyreneeseauxvives.fr\/"},{"@type":"ListItem","position":2,"name":"La Nive"}]},{"@type":"WebSite","@id":"https:\/\/pyreneeseauxvives.fr\/#website","url":"https:\/\/pyreneeseauxvives.fr\/","name":"Pyr\u00e9n\u00e9es eaux vives","description":"Adaptez nos activit\u00e9es a vos envies !","publisher":{"@id":"https:\/\/pyreneeseauxvives.fr\/#organization"},"potentialAction":[{"@type":"SearchAction","target":{"@type":"EntryPoint","urlTemplate":"https:\/\/pyreneeseauxvives.fr\/?s={search_term_string}"},"query-input":{"@type":"PropertyValueSpecification","valueRequired":true,"valueName":"search_term_string"}}],"inLanguage":"fr-FR"},{"@type":"Organization","@id":"https:\/\/pyreneeseauxvives.fr\/#organization","name":"Pyr\u00e9n\u00e9es eaux vives","url":"https:\/\/pyreneeseauxvives.fr\/","logo":{"@type":"ImageObject","inLanguage":"fr-FR","@id":"https:\/\/pyreneeseauxvives.fr\/#\/schema\/logo\/image\/","url":"https:\/\/pyreneeseauxvives.fr\/wp-content\/uploads\/2026\/03\/cropped-image157-3-5-1-9-0-scaled-1.png","contentUrl":"https:\/\/pyreneeseauxvives.fr\/wp-content\/uploads\/2026\/03\/cropped-image157-3-5-1-9-0-scaled-1.png","width":2432,"height":2538,"caption":"Pyr\u00e9n\u00e9es eaux vives"},"image":{"@id":"https:\/\/pyreneeseauxvives.fr\/#\/schema\/logo\/image\/"},"sameAs":["https:\/\/www.facebook.com\/profile.php?id=100092172850669","https:\/\/www.instagram.com\/pyrenees_eaux_vives\/"]}]}},"jetpack_sharing_enabled":true,"_links":{"self":[{"href":"https:\/\/pyreneeseauxvives.fr\/index.php?rest_route=\/wp\/v2\/pages\/148","targetHints":{"allow":["GET"]}}],"collection":[{"href":"https:\/\/pyreneeseauxvives.fr\/index.php?rest_route=\/wp\/v2\/pages"}],"about":[{"href":"https:\/\/pyreneeseauxvives.fr\/index.php?rest_route=\/wp\/v2\/types\/page"}],"author":[{"embeddable":true,"href":"https:\/\/pyreneeseauxvives.fr\/index.php?rest_route=\/wp\/v2\/users\/1"}],"replies":[{"embeddable":true,"href":"https:\/\/pyreneeseauxvives.fr\/index.php?rest_route=%2Fwp%2Fv2%2Fcomments&post=148"}],"version-history":[{"count":40,"href":"https:\/\/pyreneeseauxvives.fr\/index.php?rest_route=\/wp\/v2\/pages\/148\/revisions"}],"predecessor-version":[{"id":1591,"href":"https:\/\/pyreneeseauxvives.fr\/index.php?rest_route=\/wp\/v2\/pages\/148\/revisions\/1591"}],"wp:attachment":[{"href":"https:\/\/pyreneeseauxvives.fr\/index.php?rest_route=%2Fwp%2Fv2%2Fmedia&parent=148"}],"curies":[{"name":"wp","href":"https:\/\/api.w.org\/{rel}","templated":true}]}}