{"id":137,"date":"2024-04-24T21:05:45","date_gmt":"2024-04-24T21:05:45","guid":{"rendered":"http:\/\/pyreneeseauxvives.fr\/?page_id=137"},"modified":"2026-03-04T11:34:29","modified_gmt":"2026-03-04T11:34:29","slug":"legavedaspe","status":"publish","type":"page","link":"https:\/\/pyreneeseauxvives.fr\/?page_id=137","title":{"rendered":"Le Gave d&rsquo;Aspe"},"content":{"rendered":"\t\t<div data-elementor-type=\"wp-page\" data-elementor-id=\"137\" class=\"elementor elementor-137\">\n\t\t\t\t<div class=\"elementor-element elementor-element-1a6125f e-flex e-con-boxed e-con e-parent\" data-id=\"1a6125f\" data-element_type=\"container\" data-e-type=\"container\">\n\t\t\t\t\t<div class=\"e-con-inner\">\n\t\t<div class=\"elementor-element elementor-element-795ec16 e-con-full e-flex e-con e-child\" data-id=\"795ec16\" data-element_type=\"container\" data-e-type=\"container\">\n\t\t\t\t<div class=\"elementor-element elementor-element-034a3e4 elementor-arrows-position-inside elementor-widget elementor-widget-image-carousel\" data-id=\"034a3e4\" data-element_type=\"widget\" data-e-type=\"widget\" data-settings=\"{&quot;slides_to_show&quot;:&quot;1&quot;,&quot;navigation&quot;:&quot;arrows&quot;,&quot;autoplay&quot;:&quot;yes&quot;,&quot;pause_on_hover&quot;:&quot;yes&quot;,&quot;pause_on_interaction&quot;:&quot;yes&quot;,&quot;autoplay_speed&quot;:5000,&quot;infinite&quot;:&quot;yes&quot;,&quot;effect&quot;:&quot;slide&quot;,&quot;speed&quot;:500}\" data-widget_type=\"image-carousel.default\">\n\t\t\t\t<div class=\"elementor-widget-container\">\n\t\t\t\t\t\t\t<div class=\"elementor-image-carousel-wrapper swiper\" role=\"region\" aria-roledescription=\"carousel\" aria-label=\"Carrousel d\u2019images\" dir=\"ltr\">\n\t\t\t<div class=\"elementor-image-carousel swiper-wrapper\" aria-live=\"off\">\n\t\t\t\t\t\t\t\t<div class=\"swiper-slide\" role=\"group\" aria-roledescription=\"slide\" aria-label=\"1 sur 4\"><figure class=\"swiper-slide-inner\"><img decoding=\"async\" class=\"swiper-slide-image\" src=\"https:\/\/pyreneeseauxvives.fr\/wp-content\/uploads\/elementor\/thumbs\/F0D952D8-BE7C-4385-9305-AFEC052AEDBD_1_105_c-rk0elu82hwvixbec2dv3cpv0gmttsjgljuhoccejds.jpeg\" alt=\"F0D952D8-BE7C-4385-9305-AFEC052AEDBD_1_105_c\" \/><\/figure><\/div><div class=\"swiper-slide\" role=\"group\" aria-roledescription=\"slide\" aria-label=\"2 sur 4\"><figure class=\"swiper-slide-inner\"><img decoding=\"async\" class=\"swiper-slide-image\" src=\"https:\/\/pyreneeseauxvives.fr\/wp-content\/uploads\/elementor\/thumbs\/97ADCF58-2148-420A-B3D1-3A3381104D39_1_105_c-rk0ekgemfozbtzep5abv6kfkz7ndgkytozwxwogejk.jpeg\" alt=\"97ADCF58-2148-420A-B3D1-3A3381104D39_1_105_c\" \/><\/figure><\/div><div class=\"swiper-slide\" role=\"group\" aria-roledescription=\"slide\" aria-label=\"3 sur 4\"><figure class=\"swiper-slide-inner\"><img decoding=\"async\" class=\"swiper-slide-image\" src=\"https:\/\/pyreneeseauxvives.fr\/wp-content\/uploads\/elementor\/thumbs\/E8F9EA71-A346-4006-8874-AD018C8C6990_1_105_c-rk0elta8b2u8lpfp7vggs83jv8ygkucv7pu6v2fxk0.jpeg\" alt=\"E8F9EA71-A346-4006-8874-AD018C8C6990_1_105_c\" \/><\/figure><\/div><div class=\"swiper-slide\" role=\"group\" aria-roledescription=\"slide\" aria-label=\"4 sur 4\"><figure class=\"swiper-slide-inner\"><img decoding=\"async\" class=\"swiper-slide-image\" src=\"https:\/\/pyreneeseauxvives.fr\/wp-content\/uploads\/elementor\/thumbs\/4841DCD1-7547-4122-8CFF-639445D3AF51_1_105_c-rk0ekeiy20wr6rhfg9im1kwnsfwn16rd0qlyy4j6w0.jpeg\" alt=\"4841DCD1-7547-4122-8CFF-639445D3AF51_1_105_c\" \/><\/figure><\/div>\t\t\t<\/div>\n\t\t\t\t\t\t\t\t\t\t\t\t<div class=\"elementor-swiper-button elementor-swiper-button-prev\" role=\"button\" tabindex=\"0\">\n\t\t\t\t\t\t<svg aria-hidden=\"true\" class=\"e-font-icon-svg e-eicon-chevron-left\" viewBox=\"0 0 1000 1000\" xmlns=\"http:\/\/www.w3.org\/2000\/svg\"><path d=\"M646 125C629 125 613 133 604 142L308 442C296 454 292 471 292 487 292 504 296 521 308 533L604 854C617 867 629 875 646 875 663 875 679 871 692 858 704 846 713 829 713 812 713 796 708 779 692 767L438 487 692 225C700 217 708 204 708 187 708 171 704 154 692 142 675 129 663 125 646 125Z\"><\/path><\/svg>\t\t\t\t\t<\/div>\n\t\t\t\t\t<div class=\"elementor-swiper-button elementor-swiper-button-next\" role=\"button\" tabindex=\"0\">\n\t\t\t\t\t\t<svg aria-hidden=\"true\" class=\"e-font-icon-svg e-eicon-chevron-right\" viewBox=\"0 0 1000 1000\" xmlns=\"http:\/\/www.w3.org\/2000\/svg\"><path d=\"M696 533C708 521 713 504 713 487 713 471 708 454 696 446L400 146C388 133 375 125 354 125 338 125 325 129 313 142 300 154 292 171 292 187 292 204 296 221 308 233L563 492 304 771C292 783 288 800 288 817 288 833 296 850 308 863 321 871 338 875 354 875 371 875 388 867 400 854L696 533Z\"><\/path><\/svg>\t\t\t\t\t<\/div>\n\t\t\t\t\n\t\t\t\t\t\t\t\t\t<\/div>\n\t\t\t\t\t\t<\/div>\n\t\t\t\t<\/div>\n\t\t\t\t<\/div>\n\t\t<div class=\"elementor-element elementor-element-5b90a4f e-con-full e-flex e-con e-child\" data-id=\"5b90a4f\" data-element_type=\"container\" data-e-type=\"container\">\n\t\t<div class=\"elementor-element elementor-element-6a5d723 e-flex e-con-boxed e-con e-child\" data-id=\"6a5d723\" data-element_type=\"container\" data-e-type=\"container\">\n\t\t\t\t\t<div class=\"e-con-inner\">\n\t\t\t\t<div class=\"elementor-element elementor-element-74a62ba elementor-widget elementor-widget-heading\" data-id=\"74a62ba\" data-element_type=\"widget\" data-e-type=\"widget\" data-widget_type=\"heading.default\">\n\t\t\t\t<div class=\"elementor-widget-container\">\n\t\t\t\t\t<h2 class=\"elementor-heading-title elementor-size-default\">Le Gave d'Aspe<\/h2>\t\t\t\t<\/div>\n\t\t\t\t<\/div>\n\t\t\t\t\t<\/div>\n\t\t\t\t<\/div>\n\t\t<div class=\"elementor-element elementor-element-8ce19f5 e-flex e-con-boxed e-con e-child\" data-id=\"8ce19f5\" data-element_type=\"container\" data-e-type=\"container\">\n\t\t\t\t\t<div class=\"e-con-inner\">\n\t\t\t\t<div class=\"elementor-element elementor-element-40ef8ea elementor-widget elementor-widget-text-editor\" data-id=\"40ef8ea\" data-element_type=\"widget\" data-e-type=\"widget\" data-widget_type=\"text-editor.default\">\n\t\t\t\t<div class=\"elementor-widget-container\">\n\t\t\t\t\t\t\t\t\t<p>Le gave d&rsquo;Aspe est une rivi\u00e8re s&rsquo;\u00e9coulant dans le pi\u00e9mont pyr\u00e9n\u00e9en, le long de la vall\u00e9e d&rsquo;Aspe.<\/p><p>Une rivi\u00e8re dynamique d\u00e9valant entre blocs, cailloux et gros galets. Elle nous prom\u00e8ne le long de paysages in\u00e9dits et vers la capitale du chocolat B\u00e9arnais.<\/p>\t\t\t\t\t\t\t\t<\/div>\n\t\t\t\t<\/div>\n\t\t\t\t\t<\/div>\n\t\t\t\t<\/div>\n\t\t\t\t<\/div>\n\t\t\t\t\t<\/div>\n\t\t\t\t<\/div>\n\t\t<div class=\"elementor-element elementor-element-516715f e-flex e-con-boxed e-con e-parent\" data-id=\"516715f\" data-element_type=\"container\" data-e-type=\"container\">\n\t\t\t\t\t<div class=\"e-con-inner\">\n\t\t<div class=\"elementor-element elementor-element-26f306c e-con-full e-flex e-con e-child\" data-id=\"26f306c\" data-element_type=\"container\" data-e-type=\"container\">\n\t\t\t\t<div class=\"elementor-element elementor-element-33f1764 elementor-view-default elementor-widget elementor-widget-icon\" data-id=\"33f1764\" data-element_type=\"widget\" data-e-type=\"widget\" data-widget_type=\"icon.default\">\n\t\t\t\t<div class=\"elementor-widget-container\">\n\t\t\t\t\t\t\t<div class=\"elementor-icon-wrapper\">\n\t\t\t<a class=\"elementor-icon\" href=\"https:\/\/pyreneeseauxvives.fr\/?page_id=112\">\n\t\t\t<svg aria-hidden=\"true\" class=\"e-font-icon-svg e-fas-angle-left\" viewBox=\"0 0 256 512\" xmlns=\"http:\/\/www.w3.org\/2000\/svg\"><path d=\"M31.7 239l136-136c9.4-9.4 24.6-9.4 33.9 0l22.6 22.6c9.4 9.4 9.4 24.6 0 33.9L127.9 256l96.4 96.4c9.4 9.4 9.4 24.6 0 33.9L201.7 409c-9.4 9.4-24.6 9.4-33.9 0l-136-136c-9.5-9.4-9.5-24.6-.1-34z\"><\/path><\/svg>\t\t\t<\/a>\n\t\t<\/div>\n\t\t\t\t\t\t<\/div>\n\t\t\t\t<\/div>\n\t\t\t\t<\/div>\n\t\t<div class=\"elementor-element elementor-element-cfbbd60 e-con-full e-flex e-con e-child\" data-id=\"cfbbd60\" data-element_type=\"container\" data-e-type=\"container\">\n\t\t\t\t<div class=\"elementor-element elementor-element-e770f04 elementor-align-center elementor-widget elementor-widget-button\" data-id=\"e770f04\" data-element_type=\"widget\" data-e-type=\"widget\" data-widget_type=\"button.default\">\n\t\t\t\t<div class=\"elementor-widget-container\">\n\t\t\t\t\t\t\t\t\t<div class=\"elementor-button-wrapper\">\n\t\t\t\t\t<a class=\"elementor-button elementor-button-link elementor-size-sm\" href=\"https:\/\/pyreneeseauxvives.fr\/?page_id=1099\">\n\t\t\t\t\t\t<span class=\"elementor-button-content-wrapper\">\n\t\t\t\t\t\t\t\t\t<span class=\"elementor-button-text\">Retour<\/span>\n\t\t\t\t\t<\/span>\n\t\t\t\t\t<\/a>\n\t\t\t\t<\/div>\n\t\t\t\t\t\t\t\t<\/div>\n\t\t\t\t<\/div>\n\t\t\t\t<\/div>\n\t\t<div class=\"elementor-element elementor-element-86eda66 e-con-full e-flex e-con e-child\" data-id=\"86eda66\" data-element_type=\"container\" data-e-type=\"container\">\n\t\t\t\t<div class=\"elementor-element elementor-element-4492441 elementor-view-default elementor-widget elementor-widget-icon\" data-id=\"4492441\" data-element_type=\"widget\" data-e-type=\"widget\" data-widget_type=\"icon.default\">\n\t\t\t\t<div class=\"elementor-widget-container\">\n\t\t\t\t\t\t\t<div class=\"elementor-icon-wrapper\">\n\t\t\t<a class=\"elementor-icon\" href=\"https:\/\/pyreneeseauxvives.fr\/?page_id=131\">\n\t\t\t<svg aria-hidden=\"true\" class=\"e-font-icon-svg e-fas-angle-left\" viewBox=\"0 0 256 512\" xmlns=\"http:\/\/www.w3.org\/2000\/svg\"><path d=\"M31.7 239l136-136c9.4-9.4 24.6-9.4 33.9 0l22.6 22.6c9.4 9.4 9.4 24.6 0 33.9L127.9 256l96.4 96.4c9.4 9.4 9.4 24.6 0 33.9L201.7 409c-9.4 9.4-24.6 9.4-33.9 0l-136-136c-9.5-9.4-9.5-24.6-.1-34z\"><\/path><\/svg>\t\t\t<\/a>\n\t\t<\/div>\n\t\t\t\t\t\t<\/div>\n\t\t\t\t<\/div>\n\t\t\t\t<\/div>\n\t\t\t\t\t<\/div>\n\t\t\t\t<\/div>\n\t\t\t\t<\/div>\n\t\t","protected":false},"excerpt":{"rendered":"<p>Le Gave d&rsquo;Aspe Le gave d&rsquo;Aspe est une rivi\u00e8re s&rsquo;\u00e9coulant dans le pi\u00e9mont pyr\u00e9n\u00e9en, le long de la vall\u00e9e d&rsquo;Aspe. Une rivi\u00e8re dynamique d\u00e9valant entre blocs, cailloux et gros galets. Elle nous prom\u00e8ne le long de paysages in\u00e9dits et vers la capitale du chocolat B\u00e9arnais. Retour<\/p>\n","protected":false},"author":1,"featured_media":0,"parent":0,"menu_order":0,"comment_status":"closed","ping_status":"closed","template":"","meta":{"ocean_post_layout":"","ocean_both_sidebars_style":"","ocean_both_sidebars_content_width":0,"ocean_both_sidebars_sidebars_width":0,"ocean_sidebar":"","ocean_second_sidebar":"","ocean_disable_margins":"enable","ocean_add_body_class":"","ocean_shortcode_before_top_bar":"","ocean_shortcode_after_top_bar":"","ocean_shortcode_before_header":"","ocean_shortcode_after_header":"","ocean_has_shortcode":"","ocean_shortcode_after_title":"","ocean_shortcode_before_footer_widgets":"","ocean_shortcode_after_footer_widgets":"","ocean_shortcode_before_footer_bottom":"","ocean_shortcode_after_footer_bottom":"","ocean_display_top_bar":"default","ocean_display_header":"default","ocean_header_style":"","ocean_center_header_left_menu":"","ocean_custom_header_template":"","ocean_custom_logo":0,"ocean_custom_retina_logo":0,"ocean_custom_logo_max_width":0,"ocean_custom_logo_tablet_max_width":0,"ocean_custom_logo_mobile_max_width":0,"ocean_custom_logo_max_height":0,"ocean_custom_logo_tablet_max_height":0,"ocean_custom_logo_mobile_max_height":0,"ocean_header_custom_menu":"","ocean_menu_typo_font_family":"","ocean_menu_typo_font_subset":"","ocean_menu_typo_font_size":0,"ocean_menu_typo_font_size_tablet":0,"ocean_menu_typo_font_size_mobile":0,"ocean_menu_typo_font_size_unit":"px","ocean_menu_typo_font_weight":"","ocean_menu_typo_font_weight_tablet":"","ocean_menu_typo_font_weight_mobile":"","ocean_menu_typo_transform":"","ocean_menu_typo_transform_tablet":"","ocean_menu_typo_transform_mobile":"","ocean_menu_typo_line_height":0,"ocean_menu_typo_line_height_tablet":0,"ocean_menu_typo_line_height_mobile":0,"ocean_menu_typo_line_height_unit":"","ocean_menu_typo_spacing":0,"ocean_menu_typo_spacing_tablet":0,"ocean_menu_typo_spacing_mobile":0,"ocean_menu_typo_spacing_unit":"","ocean_menu_link_color":"","ocean_menu_link_color_hover":"","ocean_menu_link_color_active":"","ocean_menu_link_background":"","ocean_menu_link_hover_background":"","ocean_menu_link_active_background":"","ocean_menu_social_links_bg":"","ocean_menu_social_hover_links_bg":"","ocean_menu_social_links_color":"","ocean_menu_social_hover_links_color":"","ocean_disable_title":"default","ocean_disable_heading":"default","ocean_post_title":"","ocean_post_subheading":"","ocean_post_title_style":"","ocean_post_title_background_color":"","ocean_post_title_background":0,"ocean_post_title_bg_image_position":"","ocean_post_title_bg_image_attachment":"","ocean_post_title_bg_image_repeat":"","ocean_post_title_bg_image_size":"","ocean_post_title_height":0,"ocean_post_title_bg_overlay":0.5,"ocean_post_title_bg_overlay_color":"","ocean_disable_breadcrumbs":"default","ocean_breadcrumbs_color":"","ocean_breadcrumbs_separator_color":"","ocean_breadcrumbs_links_color":"","ocean_breadcrumbs_links_hover_color":"","ocean_display_footer_widgets":"default","ocean_display_footer_bottom":"default","ocean_custom_footer_template":"","footnotes":""},"class_list":["post-137","page","type-page","status-publish","hentry","entry"],"yoast_head":"<!-- This site is optimized with the Yoast SEO plugin v27.1.1 - https:\/\/yoast.com\/product\/yoast-seo-wordpress\/ -->\n<title>Le Gave d&#039;Aspe - Pyr\u00e9n\u00e9es eaux vives<\/title>\n<meta name=\"robots\" content=\"index, follow, max-snippet:-1, max-image-preview:large, max-video-preview:-1\" \/>\n<link rel=\"canonical\" href=\"https:\/\/pyreneeseauxvives.fr\/?page_id=137\" \/>\n<meta property=\"og:locale\" content=\"fr_FR\" \/>\n<meta property=\"og:type\" content=\"article\" \/>\n<meta property=\"og:title\" content=\"Le Gave d&#039;Aspe - Pyr\u00e9n\u00e9es eaux vives\" \/>\n<meta property=\"og:description\" content=\"Le Gave d&rsquo;Aspe Le gave d&rsquo;Aspe est une rivi\u00e8re s&rsquo;\u00e9coulant dans le pi\u00e9mont pyr\u00e9n\u00e9en, le long de la vall\u00e9e d&rsquo;Aspe. Une rivi\u00e8re dynamique d\u00e9valant entre blocs, cailloux et gros galets. Elle nous prom\u00e8ne le long de paysages in\u00e9dits et vers la capitale du chocolat B\u00e9arnais. Retour\" \/>\n<meta property=\"og:url\" content=\"https:\/\/pyreneeseauxvives.fr\/?page_id=137\" \/>\n<meta property=\"og:site_name\" content=\"Pyr\u00e9n\u00e9es eaux vives\" \/>\n<meta property=\"article:publisher\" content=\"https:\/\/www.facebook.com\/profile.php?id=100092172850669\" \/>\n<meta property=\"article:modified_time\" content=\"2026-03-04T11:34:29+00:00\" \/>\n<meta property=\"og:image\" content=\"https:\/\/pyreneeseauxvives.fr\/wp-content\/uploads\/elementor\/thumbs\/F0D952D8-BE7C-4385-9305-AFEC052AEDBD_1_105_c-rk0elu82hwvixbec2dv3cpv0gmttsjgljuhoccejds.jpeg\" \/>\n<meta name=\"twitter:card\" content=\"summary_large_image\" \/>\n<meta name=\"twitter:label1\" content=\"Dur\u00e9e de lecture estim\u00e9e\" \/>\n\t<meta name=\"twitter:data1\" content=\"2 minutes\" \/>\n<script type=\"application\/ld+json\" class=\"yoast-schema-graph\">{\"@context\":\"https:\/\/schema.org\",\"@graph\":[{\"@type\":\"WebPage\",\"@id\":\"https:\/\/pyreneeseauxvives.fr\/?page_id=137\",\"url\":\"https:\/\/pyreneeseauxvives.fr\/?page_id=137\",\"name\":\"Le Gave d'Aspe - Pyr\u00e9n\u00e9es eaux vives\",\"isPartOf\":{\"@id\":\"https:\/\/pyreneeseauxvives.fr\/#website\"},\"primaryImageOfPage\":{\"@id\":\"https:\/\/pyreneeseauxvives.fr\/?page_id=137#primaryimage\"},\"image\":{\"@id\":\"https:\/\/pyreneeseauxvives.fr\/?page_id=137#primaryimage\"},\"thumbnailUrl\":\"https:\/\/pyreneeseauxvives.fr\/wp-content\/uploads\/elementor\/thumbs\/F0D952D8-BE7C-4385-9305-AFEC052AEDBD_1_105_c-rk0elu82hwvixbec2dv3cpv0gmttsjgljuhoccejds.jpeg\",\"datePublished\":\"2024-04-24T21:05:45+00:00\",\"dateModified\":\"2026-03-04T11:34:29+00:00\",\"breadcrumb\":{\"@id\":\"https:\/\/pyreneeseauxvives.fr\/?page_id=137#breadcrumb\"},\"inLanguage\":\"fr-FR\",\"potentialAction\":[{\"@type\":\"ReadAction\",\"target\":[\"https:\/\/pyreneeseauxvives.fr\/?page_id=137\"]}]},{\"@type\":\"ImageObject\",\"inLanguage\":\"fr-FR\",\"@id\":\"https:\/\/pyreneeseauxvives.fr\/?page_id=137#primaryimage\",\"url\":\"https:\/\/pyreneeseauxvives.fr\/wp-content\/uploads\/elementor\/thumbs\/F0D952D8-BE7C-4385-9305-AFEC052AEDBD_1_105_c-rk0elu82hwvixbec2dv3cpv0gmttsjgljuhoccejds.jpeg\",\"contentUrl\":\"https:\/\/pyreneeseauxvives.fr\/wp-content\/uploads\/elementor\/thumbs\/F0D952D8-BE7C-4385-9305-AFEC052AEDBD_1_105_c-rk0elu82hwvixbec2dv3cpv0gmttsjgljuhoccejds.jpeg\"},{\"@type\":\"BreadcrumbList\",\"@id\":\"https:\/\/pyreneeseauxvives.fr\/?page_id=137#breadcrumb\",\"itemListElement\":[{\"@type\":\"ListItem\",\"position\":1,\"name\":\"Accueil\",\"item\":\"https:\/\/pyreneeseauxvives.fr\/\"},{\"@type\":\"ListItem\",\"position\":2,\"name\":\"Le Gave d&rsquo;Aspe\"}]},{\"@type\":\"WebSite\",\"@id\":\"https:\/\/pyreneeseauxvives.fr\/#website\",\"url\":\"https:\/\/pyreneeseauxvives.fr\/\",\"name\":\"Pyr\u00e9n\u00e9es eaux vives\",\"description\":\"Adaptez nos activit\u00e9es a vos envies !\",\"publisher\":{\"@id\":\"https:\/\/pyreneeseauxvives.fr\/#organization\"},\"potentialAction\":[{\"@type\":\"SearchAction\",\"target\":{\"@type\":\"EntryPoint\",\"urlTemplate\":\"https:\/\/pyreneeseauxvives.fr\/?s={search_term_string}\"},\"query-input\":{\"@type\":\"PropertyValueSpecification\",\"valueRequired\":true,\"valueName\":\"search_term_string\"}}],\"inLanguage\":\"fr-FR\"},{\"@type\":\"Organization\",\"@id\":\"https:\/\/pyreneeseauxvives.fr\/#organization\",\"name\":\"Pyr\u00e9n\u00e9es eaux vives\",\"url\":\"https:\/\/pyreneeseauxvives.fr\/\",\"logo\":{\"@type\":\"ImageObject\",\"inLanguage\":\"fr-FR\",\"@id\":\"https:\/\/pyreneeseauxvives.fr\/#\/schema\/logo\/image\/\",\"url\":\"https:\/\/pyreneeseauxvives.fr\/wp-content\/uploads\/2026\/03\/cropped-image157-3-5-1-9-0-scaled-1.png\",\"contentUrl\":\"https:\/\/pyreneeseauxvives.fr\/wp-content\/uploads\/2026\/03\/cropped-image157-3-5-1-9-0-scaled-1.png\",\"width\":2432,\"height\":2538,\"caption\":\"Pyr\u00e9n\u00e9es eaux vives\"},\"image\":{\"@id\":\"https:\/\/pyreneeseauxvives.fr\/#\/schema\/logo\/image\/\"},\"sameAs\":[\"https:\/\/www.facebook.com\/profile.php?id=100092172850669\",\"https:\/\/www.instagram.com\/pyrenees_eaux_vives\/\"]}]}<\/script>\n<!-- \/ Yoast SEO plugin. -->","yoast_head_json":{"title":"Le Gave d'Aspe - Pyr\u00e9n\u00e9es eaux vives","robots":{"index":"index","follow":"follow","max-snippet":"max-snippet:-1","max-image-preview":"max-image-preview:large","max-video-preview":"max-video-preview:-1"},"canonical":"https:\/\/pyreneeseauxvives.fr\/?page_id=137","og_locale":"fr_FR","og_type":"article","og_title":"Le Gave d'Aspe - Pyr\u00e9n\u00e9es eaux vives","og_description":"Le Gave d&rsquo;Aspe Le gave d&rsquo;Aspe est une rivi\u00e8re s&rsquo;\u00e9coulant dans le pi\u00e9mont pyr\u00e9n\u00e9en, le long de la vall\u00e9e d&rsquo;Aspe. Une rivi\u00e8re dynamique d\u00e9valant entre blocs, cailloux et gros galets. Elle nous prom\u00e8ne le long de paysages in\u00e9dits et vers la capitale du chocolat B\u00e9arnais. Retour","og_url":"https:\/\/pyreneeseauxvives.fr\/?page_id=137","og_site_name":"Pyr\u00e9n\u00e9es eaux vives","article_publisher":"https:\/\/www.facebook.com\/profile.php?id=100092172850669","article_modified_time":"2026-03-04T11:34:29+00:00","og_image":[{"url":"https:\/\/pyreneeseauxvives.fr\/wp-content\/uploads\/elementor\/thumbs\/F0D952D8-BE7C-4385-9305-AFEC052AEDBD_1_105_c-rk0elu82hwvixbec2dv3cpv0gmttsjgljuhoccejds.jpeg","type":"","width":"","height":""}],"twitter_card":"summary_large_image","twitter_misc":{"Dur\u00e9e de lecture estim\u00e9e":"2 minutes"},"schema":{"@context":"https:\/\/schema.org","@graph":[{"@type":"WebPage","@id":"https:\/\/pyreneeseauxvives.fr\/?page_id=137","url":"https:\/\/pyreneeseauxvives.fr\/?page_id=137","name":"Le Gave d'Aspe - Pyr\u00e9n\u00e9es eaux vives","isPartOf":{"@id":"https:\/\/pyreneeseauxvives.fr\/#website"},"primaryImageOfPage":{"@id":"https:\/\/pyreneeseauxvives.fr\/?page_id=137#primaryimage"},"image":{"@id":"https:\/\/pyreneeseauxvives.fr\/?page_id=137#primaryimage"},"thumbnailUrl":"https:\/\/pyreneeseauxvives.fr\/wp-content\/uploads\/elementor\/thumbs\/F0D952D8-BE7C-4385-9305-AFEC052AEDBD_1_105_c-rk0elu82hwvixbec2dv3cpv0gmttsjgljuhoccejds.jpeg","datePublished":"2024-04-24T21:05:45+00:00","dateModified":"2026-03-04T11:34:29+00:00","breadcrumb":{"@id":"https:\/\/pyreneeseauxvives.fr\/?page_id=137#breadcrumb"},"inLanguage":"fr-FR","potentialAction":[{"@type":"ReadAction","target":["https:\/\/pyreneeseauxvives.fr\/?page_id=137"]}]},{"@type":"ImageObject","inLanguage":"fr-FR","@id":"https:\/\/pyreneeseauxvives.fr\/?page_id=137#primaryimage","url":"https:\/\/pyreneeseauxvives.fr\/wp-content\/uploads\/elementor\/thumbs\/F0D952D8-BE7C-4385-9305-AFEC052AEDBD_1_105_c-rk0elu82hwvixbec2dv3cpv0gmttsjgljuhoccejds.jpeg","contentUrl":"https:\/\/pyreneeseauxvives.fr\/wp-content\/uploads\/elementor\/thumbs\/F0D952D8-BE7C-4385-9305-AFEC052AEDBD_1_105_c-rk0elu82hwvixbec2dv3cpv0gmttsjgljuhoccejds.jpeg"},{"@type":"BreadcrumbList","@id":"https:\/\/pyreneeseauxvives.fr\/?page_id=137#breadcrumb","itemListElement":[{"@type":"ListItem","position":1,"name":"Accueil","item":"https:\/\/pyreneeseauxvives.fr\/"},{"@type":"ListItem","position":2,"name":"Le Gave d&rsquo;Aspe"}]},{"@type":"WebSite","@id":"https:\/\/pyreneeseauxvives.fr\/#website","url":"https:\/\/pyreneeseauxvives.fr\/","name":"Pyr\u00e9n\u00e9es eaux vives","description":"Adaptez nos activit\u00e9es a vos envies !","publisher":{"@id":"https:\/\/pyreneeseauxvives.fr\/#organization"},"potentialAction":[{"@type":"SearchAction","target":{"@type":"EntryPoint","urlTemplate":"https:\/\/pyreneeseauxvives.fr\/?s={search_term_string}"},"query-input":{"@type":"PropertyValueSpecification","valueRequired":true,"valueName":"search_term_string"}}],"inLanguage":"fr-FR"},{"@type":"Organization","@id":"https:\/\/pyreneeseauxvives.fr\/#organization","name":"Pyr\u00e9n\u00e9es eaux vives","url":"https:\/\/pyreneeseauxvives.fr\/","logo":{"@type":"ImageObject","inLanguage":"fr-FR","@id":"https:\/\/pyreneeseauxvives.fr\/#\/schema\/logo\/image\/","url":"https:\/\/pyreneeseauxvives.fr\/wp-content\/uploads\/2026\/03\/cropped-image157-3-5-1-9-0-scaled-1.png","contentUrl":"https:\/\/pyreneeseauxvives.fr\/wp-content\/uploads\/2026\/03\/cropped-image157-3-5-1-9-0-scaled-1.png","width":2432,"height":2538,"caption":"Pyr\u00e9n\u00e9es eaux vives"},"image":{"@id":"https:\/\/pyreneeseauxvives.fr\/#\/schema\/logo\/image\/"},"sameAs":["https:\/\/www.facebook.com\/profile.php?id=100092172850669","https:\/\/www.instagram.com\/pyrenees_eaux_vives\/"]}]}},"jetpack_sharing_enabled":true,"_links":{"self":[{"href":"https:\/\/pyreneeseauxvives.fr\/index.php?rest_route=\/wp\/v2\/pages\/137","targetHints":{"allow":["GET"]}}],"collection":[{"href":"https:\/\/pyreneeseauxvives.fr\/index.php?rest_route=\/wp\/v2\/pages"}],"about":[{"href":"https:\/\/pyreneeseauxvives.fr\/index.php?rest_route=\/wp\/v2\/types\/page"}],"author":[{"embeddable":true,"href":"https:\/\/pyreneeseauxvives.fr\/index.php?rest_route=\/wp\/v2\/users\/1"}],"replies":[{"embeddable":true,"href":"https:\/\/pyreneeseauxvives.fr\/index.php?rest_route=%2Fwp%2Fv2%2Fcomments&post=137"}],"version-history":[{"count":49,"href":"https:\/\/pyreneeseauxvives.fr\/index.php?rest_route=\/wp\/v2\/pages\/137\/revisions"}],"predecessor-version":[{"id":1664,"href":"https:\/\/pyreneeseauxvives.fr\/index.php?rest_route=\/wp\/v2\/pages\/137\/revisions\/1664"}],"wp:attachment":[{"href":"https:\/\/pyreneeseauxvives.fr\/index.php?rest_route=%2Fwp%2Fv2%2Fmedia&parent=137"}],"curies":[{"name":"wp","href":"https:\/\/api.w.org\/{rel}","templated":true}]}}