{"id":131,"date":"2024-04-24T21:01:19","date_gmt":"2024-04-24T21:01:19","guid":{"rendered":"http:\/\/pyreneeseauxvives.fr\/?page_id=131"},"modified":"2026-03-04T11:15:55","modified_gmt":"2026-03-04T11:15:55","slug":"legavedoloron","status":"publish","type":"page","link":"https:\/\/pyreneeseauxvives.fr\/?page_id=131","title":{"rendered":"Le Gave d&rsquo;Oloron"},"content":{"rendered":"\t\t<div data-elementor-type=\"wp-page\" data-elementor-id=\"131\" class=\"elementor elementor-131\">\n\t\t\t\t<div class=\"elementor-element elementor-element-668a8d9 e-flex e-con-boxed e-con e-parent\" data-id=\"668a8d9\" data-element_type=\"container\" data-e-type=\"container\">\n\t\t\t\t\t<div class=\"e-con-inner\">\n\t\t<div class=\"elementor-element elementor-element-0e78264 e-con-full e-flex e-con e-child\" data-id=\"0e78264\" data-element_type=\"container\" data-e-type=\"container\">\n\t\t\t\t<div class=\"elementor-element elementor-element-01c00f6 elementor-arrows-position-inside elementor-widget elementor-widget-image-carousel\" data-id=\"01c00f6\" data-element_type=\"widget\" data-e-type=\"widget\" data-settings=\"{&quot;slides_to_show&quot;:&quot;1&quot;,&quot;navigation&quot;:&quot;arrows&quot;,&quot;autoplay&quot;:&quot;yes&quot;,&quot;pause_on_hover&quot;:&quot;yes&quot;,&quot;pause_on_interaction&quot;:&quot;yes&quot;,&quot;autoplay_speed&quot;:5000,&quot;infinite&quot;:&quot;yes&quot;,&quot;effect&quot;:&quot;slide&quot;,&quot;speed&quot;:500}\" data-widget_type=\"image-carousel.default\">\n\t\t\t\t<div class=\"elementor-widget-container\">\n\t\t\t\t\t\t\t<div class=\"elementor-image-carousel-wrapper swiper\" role=\"region\" aria-roledescription=\"carousel\" aria-label=\"Carrousel d\u2019images\" dir=\"ltr\">\n\t\t\t<div class=\"elementor-image-carousel swiper-wrapper\" aria-live=\"off\">\n\t\t\t\t\t\t\t\t<div class=\"swiper-slide\" role=\"group\" aria-roledescription=\"slide\" aria-label=\"1 sur 8\"><figure class=\"swiper-slide-inner\"><img decoding=\"async\" class=\"swiper-slide-image\" src=\"https:\/\/pyreneeseauxvives.fr\/wp-content\/uploads\/elementor\/thumbs\/IMG-20250727-WA0022-e1772557485473-rjz2bun1ttp7xfx8p4oj1akn0l5hfvrmllpbpxc49s.jpg\" alt=\"IMG-20250727-WA0022\" \/><\/figure><\/div><div class=\"swiper-slide\" role=\"group\" aria-roledescription=\"slide\" aria-label=\"2 sur 8\"><figure class=\"swiper-slide-inner\"><img decoding=\"async\" class=\"swiper-slide-image\" src=\"https:\/\/pyreneeseauxvives.fr\/wp-content\/uploads\/elementor\/thumbs\/20250727_103528-scaled-rjyzilgxmb399n01yd1bfuf3cc829nsk0fscmvgujk.jpg\" alt=\"20250727_103528\" \/><\/figure><\/div><div class=\"swiper-slide\" role=\"group\" aria-roledescription=\"slide\" aria-label=\"3 sur 8\"><figure class=\"swiper-slide-inner\"><img decoding=\"async\" class=\"swiper-slide-image\" src=\"https:\/\/pyreneeseauxvives.fr\/wp-content\/uploads\/elementor\/thumbs\/20250727_102747-scaled-rk0dl1th0ciiiqu3vzdr9i2jgq5nj0estraj5gy8ww.jpg\" alt=\"20250727_102747\" \/><\/figure><\/div><div class=\"swiper-slide\" role=\"group\" aria-roledescription=\"slide\" aria-label=\"4 sur 8\"><figure class=\"swiper-slide-inner\"><img decoding=\"async\" class=\"swiper-slide-image\" src=\"https:\/\/pyreneeseauxvives.fr\/wp-content\/uploads\/elementor\/thumbs\/20250727_105421-scaled-rk0dl9c6j0st3mj6o2mrtg687t4l8l8nisiezon3j4.jpg\" alt=\"20250727_105421\" \/><\/figure><\/div><div class=\"swiper-slide\" role=\"group\" aria-roledescription=\"slide\" aria-label=\"5 sur 8\"><figure class=\"swiper-slide-inner\"><img decoding=\"async\" class=\"swiper-slide-image\" src=\"https:\/\/pyreneeseauxvives.fr\/wp-content\/uploads\/elementor\/thumbs\/20250727_112918-scaled-rk0dluygw7meinns5tz6wsptvo615mmh9ril11r1k0.jpg\" alt=\"20250727_112918\" \/><\/figure><\/div><div class=\"swiper-slide\" role=\"group\" aria-roledescription=\"slide\" aria-label=\"6 sur 8\"><figure class=\"swiper-slide-inner\"><img decoding=\"async\" class=\"swiper-slide-image\" src=\"https:\/\/pyreneeseauxvives.fr\/wp-content\/uploads\/elementor\/thumbs\/20250727_113933-scaled-rk0dm5aoze0k2d8rhgg3683wewr2iariz6oxb3bpnk.jpg\" alt=\"20250727_113933\" \/><\/figure><\/div><div class=\"swiper-slide\" role=\"group\" aria-roledescription=\"slide\" aria-label=\"7 sur 8\"><figure class=\"swiper-slide-inner\"><img decoding=\"async\" class=\"swiper-slide-image\" src=\"https:\/\/pyreneeseauxvives.fr\/wp-content\/uploads\/elementor\/thumbs\/20250727_113714-scaled-rk0dmep2vqdfagv3ykicv5qicrgqn9such7s3uxrxc.jpg\" alt=\"20250727_113714\" \/><\/figure><\/div><div class=\"swiper-slide\" role=\"group\" aria-roledescription=\"slide\" aria-label=\"8 sur 8\"><figure class=\"swiper-slide-inner\"><img decoding=\"async\" class=\"swiper-slide-image\" src=\"https:\/\/pyreneeseauxvives.fr\/wp-content\/uploads\/elementor\/thumbs\/20250727_122643-scaled-rk0dmp1aywrku6g3a6z94l4kw01rzxxw1we4dwig0w.jpg\" alt=\"20250727_122643\" \/><\/figure><\/div>\t\t\t<\/div>\n\t\t\t\t\t\t\t\t\t\t\t\t<div class=\"elementor-swiper-button elementor-swiper-button-prev\" role=\"button\" tabindex=\"0\">\n\t\t\t\t\t\t<svg aria-hidden=\"true\" class=\"e-font-icon-svg e-eicon-chevron-left\" viewBox=\"0 0 1000 1000\" xmlns=\"http:\/\/www.w3.org\/2000\/svg\"><path d=\"M646 125C629 125 613 133 604 142L308 442C296 454 292 471 292 487 292 504 296 521 308 533L604 854C617 867 629 875 646 875 663 875 679 871 692 858 704 846 713 829 713 812 713 796 708 779 692 767L438 487 692 225C700 217 708 204 708 187 708 171 704 154 692 142 675 129 663 125 646 125Z\"><\/path><\/svg>\t\t\t\t\t<\/div>\n\t\t\t\t\t<div class=\"elementor-swiper-button elementor-swiper-button-next\" role=\"button\" tabindex=\"0\">\n\t\t\t\t\t\t<svg aria-hidden=\"true\" class=\"e-font-icon-svg e-eicon-chevron-right\" viewBox=\"0 0 1000 1000\" xmlns=\"http:\/\/www.w3.org\/2000\/svg\"><path d=\"M696 533C708 521 713 504 713 487 713 471 708 454 696 446L400 146C388 133 375 125 354 125 338 125 325 129 313 142 300 154 292 171 292 187 292 204 296 221 308 233L563 492 304 771C292 783 288 800 288 817 288 833 296 850 308 863 321 871 338 875 354 875 371 875 388 867 400 854L696 533Z\"><\/path><\/svg>\t\t\t\t\t<\/div>\n\t\t\t\t\n\t\t\t\t\t\t\t\t\t<\/div>\n\t\t\t\t\t\t<\/div>\n\t\t\t\t<\/div>\n\t\t\t\t<\/div>\n\t\t<div class=\"elementor-element elementor-element-f983007 e-con-full e-flex e-con e-child\" data-id=\"f983007\" data-element_type=\"container\" data-e-type=\"container\">\n\t\t<div class=\"elementor-element elementor-element-166d828 e-flex e-con-boxed e-con e-child\" data-id=\"166d828\" data-element_type=\"container\" data-e-type=\"container\">\n\t\t\t\t\t<div class=\"e-con-inner\">\n\t\t\t\t<div class=\"elementor-element elementor-element-409399b elementor-widget elementor-widget-heading\" data-id=\"409399b\" data-element_type=\"widget\" data-e-type=\"widget\" data-widget_type=\"heading.default\">\n\t\t\t\t<div class=\"elementor-widget-container\">\n\t\t\t\t\t<h2 class=\"elementor-heading-title elementor-size-default\">Le Gave d'Oloron<\/h2>\t\t\t\t<\/div>\n\t\t\t\t<\/div>\n\t\t\t\t\t<\/div>\n\t\t\t\t<\/div>\n\t\t<div class=\"elementor-element elementor-element-df1c7e3 e-flex e-con-boxed e-con e-child\" data-id=\"df1c7e3\" data-element_type=\"container\" data-e-type=\"container\">\n\t\t\t\t\t<div class=\"e-con-inner\">\n\t\t\t\t<div class=\"elementor-element elementor-element-6beb36c elementor-widget elementor-widget-text-editor\" data-id=\"6beb36c\" data-element_type=\"widget\" data-e-type=\"widget\" data-widget_type=\"text-editor.default\">\n\t\t\t\t<div class=\"elementor-widget-container\">\n\t\t\t\t\t\t\t\t\t<div id=\"block_ID1686148335122\" data-real-width=\"46.166666666666664%\" data-width=\"47.5\"><div><div><div id=\"ID1686148382479\" data-type=\"text\"><div spellcheck=\"false\"><p>Le gave d&rsquo;Oloron, situ\u00e9 dans une large vall\u00e9e, au milieu d&rsquo;un paysage pittoresque et sauvage.<\/p><p>Vous pourrez profiter d&rsquo;une descente paisible m\u00eame si la rivi\u00e8re pourrait vous surprendre avec quelques passages \u00e0 sensation.<\/p><\/div><\/div><\/div><\/div><\/div>\t\t\t\t\t\t\t\t<\/div>\n\t\t\t\t<\/div>\n\t\t\t\t\t<\/div>\n\t\t\t\t<\/div>\n\t\t\t\t<\/div>\n\t\t\t\t\t<\/div>\n\t\t\t\t<\/div>\n\t\t<div class=\"elementor-element elementor-element-3b4ead5 e-flex e-con-boxed e-con e-parent\" data-id=\"3b4ead5\" data-element_type=\"container\" data-e-type=\"container\">\n\t\t\t\t\t<div class=\"e-con-inner\">\n\t\t<div class=\"elementor-element elementor-element-36deabf e-con-full e-flex e-con e-child\" data-id=\"36deabf\" data-element_type=\"container\" data-e-type=\"container\">\n\t\t\t\t<div class=\"elementor-element elementor-element-c1fd6d3 elementor-view-default elementor-widget elementor-widget-icon\" data-id=\"c1fd6d3\" data-element_type=\"widget\" data-e-type=\"widget\" data-widget_type=\"icon.default\">\n\t\t\t\t<div class=\"elementor-widget-container\">\n\t\t\t\t\t\t\t<div class=\"elementor-icon-wrapper\">\n\t\t\t<a class=\"elementor-icon\" href=\"https:\/\/pyreneeseauxvives.fr\/?page_id=137\">\n\t\t\t<svg aria-hidden=\"true\" class=\"e-font-icon-svg e-fas-angle-left\" viewBox=\"0 0 256 512\" xmlns=\"http:\/\/www.w3.org\/2000\/svg\"><path d=\"M31.7 239l136-136c9.4-9.4 24.6-9.4 33.9 0l22.6 22.6c9.4 9.4 9.4 24.6 0 33.9L127.9 256l96.4 96.4c9.4 9.4 9.4 24.6 0 33.9L201.7 409c-9.4 9.4-24.6 9.4-33.9 0l-136-136c-9.5-9.4-9.5-24.6-.1-34z\"><\/path><\/svg>\t\t\t<\/a>\n\t\t<\/div>\n\t\t\t\t\t\t<\/div>\n\t\t\t\t<\/div>\n\t\t\t\t<\/div>\n\t\t<div class=\"elementor-element elementor-element-81b6cda e-con-full e-flex e-con e-child\" data-id=\"81b6cda\" data-element_type=\"container\" data-e-type=\"container\">\n\t\t\t\t<div class=\"elementor-element elementor-element-5ccabcb elementor-align-center elementor-widget elementor-widget-button\" data-id=\"5ccabcb\" data-element_type=\"widget\" data-e-type=\"widget\" data-widget_type=\"button.default\">\n\t\t\t\t<div class=\"elementor-widget-container\">\n\t\t\t\t\t\t\t\t\t<div class=\"elementor-button-wrapper\">\n\t\t\t\t\t<a class=\"elementor-button elementor-button-link elementor-size-sm\" href=\"https:\/\/pyreneeseauxvives.fr\/?page_id=1099\">\n\t\t\t\t\t\t<span class=\"elementor-button-content-wrapper\">\n\t\t\t\t\t\t\t\t\t<span class=\"elementor-button-text\">Retour<\/span>\n\t\t\t\t\t<\/span>\n\t\t\t\t\t<\/a>\n\t\t\t\t<\/div>\n\t\t\t\t\t\t\t\t<\/div>\n\t\t\t\t<\/div>\n\t\t\t\t<\/div>\n\t\t<div class=\"elementor-element elementor-element-804b4c4 e-con-full e-flex e-con e-child\" data-id=\"804b4c4\" data-element_type=\"container\" data-e-type=\"container\">\n\t\t\t\t<div class=\"elementor-element elementor-element-c2e0f9d elementor-view-default elementor-widget elementor-widget-icon\" data-id=\"c2e0f9d\" data-element_type=\"widget\" data-e-type=\"widget\" data-widget_type=\"icon.default\">\n\t\t\t\t<div class=\"elementor-widget-container\">\n\t\t\t\t\t\t\t<div class=\"elementor-icon-wrapper\">\n\t\t\t<a class=\"elementor-icon\" href=\"https:\/\/pyreneeseauxvives.fr\/?page_id=125\">\n\t\t\t<svg aria-hidden=\"true\" class=\"e-font-icon-svg e-fas-angle-left\" viewBox=\"0 0 256 512\" xmlns=\"http:\/\/www.w3.org\/2000\/svg\"><path d=\"M31.7 239l136-136c9.4-9.4 24.6-9.4 33.9 0l22.6 22.6c9.4 9.4 9.4 24.6 0 33.9L127.9 256l96.4 96.4c9.4 9.4 9.4 24.6 0 33.9L201.7 409c-9.4 9.4-24.6 9.4-33.9 0l-136-136c-9.5-9.4-9.5-24.6-.1-34z\"><\/path><\/svg>\t\t\t<\/a>\n\t\t<\/div>\n\t\t\t\t\t\t<\/div>\n\t\t\t\t<\/div>\n\t\t\t\t<\/div>\n\t\t\t\t\t<\/div>\n\t\t\t\t<\/div>\n\t\t\t\t<\/div>\n\t\t","protected":false},"excerpt":{"rendered":"<p>Le Gave d&rsquo;Oloron Le gave d&rsquo;Oloron, situ\u00e9 dans une large vall\u00e9e, au milieu d&rsquo;un paysage pittoresque et sauvage. Vous pourrez profiter d&rsquo;une descente paisible m\u00eame si la rivi\u00e8re pourrait vous surprendre avec quelques passages \u00e0 sensation. Retour<\/p>\n","protected":false},"author":1,"featured_media":0,"parent":0,"menu_order":0,"comment_status":"closed","ping_status":"closed","template":"","meta":{"ocean_post_layout":"","ocean_both_sidebars_style":"","ocean_both_sidebars_content_width":0,"ocean_both_sidebars_sidebars_width":0,"ocean_sidebar":"","ocean_second_sidebar":"","ocean_disable_margins":"enable","ocean_add_body_class":"","ocean_shortcode_before_top_bar":"","ocean_shortcode_after_top_bar":"","ocean_shortcode_before_header":"","ocean_shortcode_after_header":"","ocean_has_shortcode":"","ocean_shortcode_after_title":"","ocean_shortcode_before_footer_widgets":"","ocean_shortcode_after_footer_widgets":"","ocean_shortcode_before_footer_bottom":"","ocean_shortcode_after_footer_bottom":"","ocean_display_top_bar":"default","ocean_display_header":"default","ocean_header_style":"","ocean_center_header_left_menu":"","ocean_custom_header_template":"","ocean_custom_logo":0,"ocean_custom_retina_logo":0,"ocean_custom_logo_max_width":0,"ocean_custom_logo_tablet_max_width":0,"ocean_custom_logo_mobile_max_width":0,"ocean_custom_logo_max_height":0,"ocean_custom_logo_tablet_max_height":0,"ocean_custom_logo_mobile_max_height":0,"ocean_header_custom_menu":"","ocean_menu_typo_font_family":"","ocean_menu_typo_font_subset":"","ocean_menu_typo_font_size":0,"ocean_menu_typo_font_size_tablet":0,"ocean_menu_typo_font_size_mobile":0,"ocean_menu_typo_font_size_unit":"px","ocean_menu_typo_font_weight":"","ocean_menu_typo_font_weight_tablet":"","ocean_menu_typo_font_weight_mobile":"","ocean_menu_typo_transform":"","ocean_menu_typo_transform_tablet":"","ocean_menu_typo_transform_mobile":"","ocean_menu_typo_line_height":0,"ocean_menu_typo_line_height_tablet":0,"ocean_menu_typo_line_height_mobile":0,"ocean_menu_typo_line_height_unit":"","ocean_menu_typo_spacing":0,"ocean_menu_typo_spacing_tablet":0,"ocean_menu_typo_spacing_mobile":0,"ocean_menu_typo_spacing_unit":"","ocean_menu_link_color":"","ocean_menu_link_color_hover":"","ocean_menu_link_color_active":"","ocean_menu_link_background":"","ocean_menu_link_hover_background":"","ocean_menu_link_active_background":"","ocean_menu_social_links_bg":"","ocean_menu_social_hover_links_bg":"","ocean_menu_social_links_color":"","ocean_menu_social_hover_links_color":"","ocean_disable_title":"default","ocean_disable_heading":"default","ocean_post_title":"","ocean_post_subheading":"","ocean_post_title_style":"","ocean_post_title_background_color":"","ocean_post_title_background":0,"ocean_post_title_bg_image_position":"","ocean_post_title_bg_image_attachment":"","ocean_post_title_bg_image_repeat":"","ocean_post_title_bg_image_size":"","ocean_post_title_height":0,"ocean_post_title_bg_overlay":0.5,"ocean_post_title_bg_overlay_color":"","ocean_disable_breadcrumbs":"default","ocean_breadcrumbs_color":"","ocean_breadcrumbs_separator_color":"","ocean_breadcrumbs_links_color":"","ocean_breadcrumbs_links_hover_color":"","ocean_display_footer_widgets":"default","ocean_display_footer_bottom":"default","ocean_custom_footer_template":"","footnotes":""},"class_list":["post-131","page","type-page","status-publish","hentry","entry"],"yoast_head":"<!-- This site is optimized with the Yoast SEO plugin v27.1.1 - https:\/\/yoast.com\/product\/yoast-seo-wordpress\/ -->\n<title>Le Gave d&#039;Oloron - Pyr\u00e9n\u00e9es eaux vives<\/title>\n<meta name=\"robots\" content=\"index, follow, max-snippet:-1, max-image-preview:large, max-video-preview:-1\" \/>\n<link rel=\"canonical\" href=\"https:\/\/pyreneeseauxvives.fr\/?page_id=131\" \/>\n<meta property=\"og:locale\" content=\"fr_FR\" \/>\n<meta property=\"og:type\" content=\"article\" \/>\n<meta property=\"og:title\" content=\"Le Gave d&#039;Oloron - Pyr\u00e9n\u00e9es eaux vives\" \/>\n<meta property=\"og:description\" content=\"Le Gave d&rsquo;Oloron Le gave d&rsquo;Oloron, situ\u00e9 dans une large vall\u00e9e, au milieu d&rsquo;un paysage pittoresque et sauvage. Vous pourrez profiter d&rsquo;une descente paisible m\u00eame si la rivi\u00e8re pourrait vous surprendre avec quelques passages \u00e0 sensation. Retour\" \/>\n<meta property=\"og:url\" content=\"https:\/\/pyreneeseauxvives.fr\/?page_id=131\" \/>\n<meta property=\"og:site_name\" content=\"Pyr\u00e9n\u00e9es eaux vives\" \/>\n<meta property=\"article:publisher\" content=\"https:\/\/www.facebook.com\/profile.php?id=100092172850669\" \/>\n<meta property=\"article:modified_time\" content=\"2026-03-04T11:15:55+00:00\" \/>\n<meta property=\"og:image\" content=\"https:\/\/pyreneeseauxvives.fr\/wp-content\/uploads\/elementor\/thumbs\/IMG-20250727-WA0022-e1772557485473-rjz2bun1ttp7xfx8p4oj1akn0l5hfvrmllpbpxc49s.jpg\" \/>\n<meta name=\"twitter:card\" content=\"summary_large_image\" \/>\n<meta name=\"twitter:label1\" content=\"Dur\u00e9e de lecture estim\u00e9e\" \/>\n\t<meta name=\"twitter:data1\" content=\"3 minutes\" \/>\n<script type=\"application\/ld+json\" class=\"yoast-schema-graph\">{\"@context\":\"https:\/\/schema.org\",\"@graph\":[{\"@type\":\"WebPage\",\"@id\":\"https:\/\/pyreneeseauxvives.fr\/?page_id=131\",\"url\":\"https:\/\/pyreneeseauxvives.fr\/?page_id=131\",\"name\":\"Le Gave d'Oloron - Pyr\u00e9n\u00e9es eaux vives\",\"isPartOf\":{\"@id\":\"https:\/\/pyreneeseauxvives.fr\/#website\"},\"primaryImageOfPage\":{\"@id\":\"https:\/\/pyreneeseauxvives.fr\/?page_id=131#primaryimage\"},\"image\":{\"@id\":\"https:\/\/pyreneeseauxvives.fr\/?page_id=131#primaryimage\"},\"thumbnailUrl\":\"https:\/\/pyreneeseauxvives.fr\/wp-content\/uploads\/elementor\/thumbs\/IMG-20250727-WA0022-e1772557485473-rjz2bun1ttp7xfx8p4oj1akn0l5hfvrmllpbpxc49s.jpg\",\"datePublished\":\"2024-04-24T21:01:19+00:00\",\"dateModified\":\"2026-03-04T11:15:55+00:00\",\"breadcrumb\":{\"@id\":\"https:\/\/pyreneeseauxvives.fr\/?page_id=131#breadcrumb\"},\"inLanguage\":\"fr-FR\",\"potentialAction\":[{\"@type\":\"ReadAction\",\"target\":[\"https:\/\/pyreneeseauxvives.fr\/?page_id=131\"]}]},{\"@type\":\"ImageObject\",\"inLanguage\":\"fr-FR\",\"@id\":\"https:\/\/pyreneeseauxvives.fr\/?page_id=131#primaryimage\",\"url\":\"https:\/\/pyreneeseauxvives.fr\/wp-content\/uploads\/elementor\/thumbs\/IMG-20250727-WA0022-e1772557485473-rjz2bun1ttp7xfx8p4oj1akn0l5hfvrmllpbpxc49s.jpg\",\"contentUrl\":\"https:\/\/pyreneeseauxvives.fr\/wp-content\/uploads\/elementor\/thumbs\/IMG-20250727-WA0022-e1772557485473-rjz2bun1ttp7xfx8p4oj1akn0l5hfvrmllpbpxc49s.jpg\"},{\"@type\":\"BreadcrumbList\",\"@id\":\"https:\/\/pyreneeseauxvives.fr\/?page_id=131#breadcrumb\",\"itemListElement\":[{\"@type\":\"ListItem\",\"position\":1,\"name\":\"Accueil\",\"item\":\"https:\/\/pyreneeseauxvives.fr\/\"},{\"@type\":\"ListItem\",\"position\":2,\"name\":\"Le Gave d&rsquo;Oloron\"}]},{\"@type\":\"WebSite\",\"@id\":\"https:\/\/pyreneeseauxvives.fr\/#website\",\"url\":\"https:\/\/pyreneeseauxvives.fr\/\",\"name\":\"Pyr\u00e9n\u00e9es eaux vives\",\"description\":\"Adaptez nos activit\u00e9es a vos envies !\",\"publisher\":{\"@id\":\"https:\/\/pyreneeseauxvives.fr\/#organization\"},\"potentialAction\":[{\"@type\":\"SearchAction\",\"target\":{\"@type\":\"EntryPoint\",\"urlTemplate\":\"https:\/\/pyreneeseauxvives.fr\/?s={search_term_string}\"},\"query-input\":{\"@type\":\"PropertyValueSpecification\",\"valueRequired\":true,\"valueName\":\"search_term_string\"}}],\"inLanguage\":\"fr-FR\"},{\"@type\":\"Organization\",\"@id\":\"https:\/\/pyreneeseauxvives.fr\/#organization\",\"name\":\"Pyr\u00e9n\u00e9es eaux vives\",\"url\":\"https:\/\/pyreneeseauxvives.fr\/\",\"logo\":{\"@type\":\"ImageObject\",\"inLanguage\":\"fr-FR\",\"@id\":\"https:\/\/pyreneeseauxvives.fr\/#\/schema\/logo\/image\/\",\"url\":\"https:\/\/pyreneeseauxvives.fr\/wp-content\/uploads\/2026\/03\/cropped-image157-3-5-1-9-0-scaled-1.png\",\"contentUrl\":\"https:\/\/pyreneeseauxvives.fr\/wp-content\/uploads\/2026\/03\/cropped-image157-3-5-1-9-0-scaled-1.png\",\"width\":2432,\"height\":2538,\"caption\":\"Pyr\u00e9n\u00e9es eaux vives\"},\"image\":{\"@id\":\"https:\/\/pyreneeseauxvives.fr\/#\/schema\/logo\/image\/\"},\"sameAs\":[\"https:\/\/www.facebook.com\/profile.php?id=100092172850669\",\"https:\/\/www.instagram.com\/pyrenees_eaux_vives\/\"]}]}<\/script>\n<!-- \/ Yoast SEO plugin. -->","yoast_head_json":{"title":"Le Gave d'Oloron - Pyr\u00e9n\u00e9es eaux vives","robots":{"index":"index","follow":"follow","max-snippet":"max-snippet:-1","max-image-preview":"max-image-preview:large","max-video-preview":"max-video-preview:-1"},"canonical":"https:\/\/pyreneeseauxvives.fr\/?page_id=131","og_locale":"fr_FR","og_type":"article","og_title":"Le Gave d'Oloron - Pyr\u00e9n\u00e9es eaux vives","og_description":"Le Gave d&rsquo;Oloron Le gave d&rsquo;Oloron, situ\u00e9 dans une large vall\u00e9e, au milieu d&rsquo;un paysage pittoresque et sauvage. Vous pourrez profiter d&rsquo;une descente paisible m\u00eame si la rivi\u00e8re pourrait vous surprendre avec quelques passages \u00e0 sensation. Retour","og_url":"https:\/\/pyreneeseauxvives.fr\/?page_id=131","og_site_name":"Pyr\u00e9n\u00e9es eaux vives","article_publisher":"https:\/\/www.facebook.com\/profile.php?id=100092172850669","article_modified_time":"2026-03-04T11:15:55+00:00","og_image":[{"url":"https:\/\/pyreneeseauxvives.fr\/wp-content\/uploads\/elementor\/thumbs\/IMG-20250727-WA0022-e1772557485473-rjz2bun1ttp7xfx8p4oj1akn0l5hfvrmllpbpxc49s.jpg","type":"","width":"","height":""}],"twitter_card":"summary_large_image","twitter_misc":{"Dur\u00e9e de lecture estim\u00e9e":"3 minutes"},"schema":{"@context":"https:\/\/schema.org","@graph":[{"@type":"WebPage","@id":"https:\/\/pyreneeseauxvives.fr\/?page_id=131","url":"https:\/\/pyreneeseauxvives.fr\/?page_id=131","name":"Le Gave d'Oloron - Pyr\u00e9n\u00e9es eaux vives","isPartOf":{"@id":"https:\/\/pyreneeseauxvives.fr\/#website"},"primaryImageOfPage":{"@id":"https:\/\/pyreneeseauxvives.fr\/?page_id=131#primaryimage"},"image":{"@id":"https:\/\/pyreneeseauxvives.fr\/?page_id=131#primaryimage"},"thumbnailUrl":"https:\/\/pyreneeseauxvives.fr\/wp-content\/uploads\/elementor\/thumbs\/IMG-20250727-WA0022-e1772557485473-rjz2bun1ttp7xfx8p4oj1akn0l5hfvrmllpbpxc49s.jpg","datePublished":"2024-04-24T21:01:19+00:00","dateModified":"2026-03-04T11:15:55+00:00","breadcrumb":{"@id":"https:\/\/pyreneeseauxvives.fr\/?page_id=131#breadcrumb"},"inLanguage":"fr-FR","potentialAction":[{"@type":"ReadAction","target":["https:\/\/pyreneeseauxvives.fr\/?page_id=131"]}]},{"@type":"ImageObject","inLanguage":"fr-FR","@id":"https:\/\/pyreneeseauxvives.fr\/?page_id=131#primaryimage","url":"https:\/\/pyreneeseauxvives.fr\/wp-content\/uploads\/elementor\/thumbs\/IMG-20250727-WA0022-e1772557485473-rjz2bun1ttp7xfx8p4oj1akn0l5hfvrmllpbpxc49s.jpg","contentUrl":"https:\/\/pyreneeseauxvives.fr\/wp-content\/uploads\/elementor\/thumbs\/IMG-20250727-WA0022-e1772557485473-rjz2bun1ttp7xfx8p4oj1akn0l5hfvrmllpbpxc49s.jpg"},{"@type":"BreadcrumbList","@id":"https:\/\/pyreneeseauxvives.fr\/?page_id=131#breadcrumb","itemListElement":[{"@type":"ListItem","position":1,"name":"Accueil","item":"https:\/\/pyreneeseauxvives.fr\/"},{"@type":"ListItem","position":2,"name":"Le Gave d&rsquo;Oloron"}]},{"@type":"WebSite","@id":"https:\/\/pyreneeseauxvives.fr\/#website","url":"https:\/\/pyreneeseauxvives.fr\/","name":"Pyr\u00e9n\u00e9es eaux vives","description":"Adaptez nos activit\u00e9es a vos envies !","publisher":{"@id":"https:\/\/pyreneeseauxvives.fr\/#organization"},"potentialAction":[{"@type":"SearchAction","target":{"@type":"EntryPoint","urlTemplate":"https:\/\/pyreneeseauxvives.fr\/?s={search_term_string}"},"query-input":{"@type":"PropertyValueSpecification","valueRequired":true,"valueName":"search_term_string"}}],"inLanguage":"fr-FR"},{"@type":"Organization","@id":"https:\/\/pyreneeseauxvives.fr\/#organization","name":"Pyr\u00e9n\u00e9es eaux vives","url":"https:\/\/pyreneeseauxvives.fr\/","logo":{"@type":"ImageObject","inLanguage":"fr-FR","@id":"https:\/\/pyreneeseauxvives.fr\/#\/schema\/logo\/image\/","url":"https:\/\/pyreneeseauxvives.fr\/wp-content\/uploads\/2026\/03\/cropped-image157-3-5-1-9-0-scaled-1.png","contentUrl":"https:\/\/pyreneeseauxvives.fr\/wp-content\/uploads\/2026\/03\/cropped-image157-3-5-1-9-0-scaled-1.png","width":2432,"height":2538,"caption":"Pyr\u00e9n\u00e9es eaux vives"},"image":{"@id":"https:\/\/pyreneeseauxvives.fr\/#\/schema\/logo\/image\/"},"sameAs":["https:\/\/www.facebook.com\/profile.php?id=100092172850669","https:\/\/www.instagram.com\/pyrenees_eaux_vives\/"]}]}},"jetpack_sharing_enabled":true,"_links":{"self":[{"href":"https:\/\/pyreneeseauxvives.fr\/index.php?rest_route=\/wp\/v2\/pages\/131","targetHints":{"allow":["GET"]}}],"collection":[{"href":"https:\/\/pyreneeseauxvives.fr\/index.php?rest_route=\/wp\/v2\/pages"}],"about":[{"href":"https:\/\/pyreneeseauxvives.fr\/index.php?rest_route=\/wp\/v2\/types\/page"}],"author":[{"embeddable":true,"href":"https:\/\/pyreneeseauxvives.fr\/index.php?rest_route=\/wp\/v2\/users\/1"}],"replies":[{"embeddable":true,"href":"https:\/\/pyreneeseauxvives.fr\/index.php?rest_route=%2Fwp%2Fv2%2Fcomments&post=131"}],"version-history":[{"count":46,"href":"https:\/\/pyreneeseauxvives.fr\/index.php?rest_route=\/wp\/v2\/pages\/131\/revisions"}],"predecessor-version":[{"id":1638,"href":"https:\/\/pyreneeseauxvives.fr\/index.php?rest_route=\/wp\/v2\/pages\/131\/revisions\/1638"}],"wp:attachment":[{"href":"https:\/\/pyreneeseauxvives.fr\/index.php?rest_route=%2Fwp%2Fv2%2Fmedia&parent=131"}],"curies":[{"name":"wp","href":"https:\/\/api.w.org\/{rel}","templated":true}]}}